{"id":2098,"date":"2022-03-02T14:50:40","date_gmt":"2022-03-02T13:50:40","guid":{"rendered":"https:\/\/aptec.international\/?page_id=2098"},"modified":"2026-03-27T08:00:12","modified_gmt":"2026-03-27T07:00:12","slug":"service","status":"publish","type":"page","link":"https:\/\/aptec.international\/de\/ke-stazeni\/servis\/","title":{"rendered":"Servicedokumente"},"content":{"rendered":"<div data-elementor-type=\"wp-page\" data-elementor-id=\"2098\" class=\"elementor elementor-2098\">\n\t\t\t\t<section class=\"elementor-element elementor-element-dd4ba00 e-flex e-con-boxed e-con e-parent\" data-id=\"dd4ba00\" data-element_type=\"container\" data-e-type=\"container\">\n\t\t\t\t\t<div class=\"e-con-inner\">\n\t\t<div class=\"elementor-element elementor-element-baa4280 e-con-full e-flex e-con e-child\" data-id=\"baa4280\" data-element_type=\"container\" data-e-type=\"container\">\n\t\t\t\t<div class=\"elementor-element elementor-element-3e87c84 elementor-widget__width-inherit elementor-widget elementor-widget-heading\" data-id=\"3e87c84\" data-element_type=\"widget\" data-e-type=\"widget\" data-widget_type=\"heading.default\">\n\t\t\t\t\t<h1 class=\"elementor-heading-title elementor-size-default\">Downloads<\/h1>\t\t\t\t<\/div>\n\t\t\t\t<\/div>\n\t\t\t\t\t<\/div>\n\t\t\t\t<\/section>\n\t\t\t\t<section class=\"elementor-section elementor-top-section elementor-element elementor-element-3bde39a elementor-section-boxed elementor-section-height-default elementor-section-height-default elementor-invisible\" data-id=\"3bde39a\" data-element_type=\"section\" data-e-type=\"section\" data-settings=\"{&quot;animation&quot;:&quot;fadeIn&quot;}\">\n\t\t\t\t\t\t<div class=\"elementor-container elementor-column-gap-default\">\n\t\t\t\t\t<div class=\"elementor-column elementor-col-100 elementor-top-column elementor-element elementor-element-b8b93c9\" data-id=\"b8b93c9\" data-element_type=\"column\" data-e-type=\"column\">\n\t\t\t<div class=\"elementor-widget-wrap elementor-element-populated\">\n\t\t\t\t\t\t<div class=\"elementor-element elementor-element-3280420 elementor-widget-mobile__width-inherit elementor-widget elementor-widget-toggle\" data-id=\"3280420\" data-element_type=\"widget\" data-e-type=\"widget\" data-widget_type=\"toggle.default\">\n\t\t\t\t\t\t\t<div class=\"elementor-toggle\">\n\t\t\t\t\t\t\t<div class=\"elementor-toggle-item\">\n\t\t\t\t\t<h2 id=\"elementor-tab-title-5291\" class=\"elementor-tab-title\" data-tab=\"1\" role=\"button\" aria-controls=\"elementor-tab-content-5291\" aria-expanded=\"false\">\n\t\t\t\t\t\t\t\t\t\t\t\t<span class=\"elementor-toggle-icon elementor-toggle-icon-right\" aria-hidden=\"true\">\n\t\t\t\t\t\t\t\t\t\t\t\t\t\t\t<span class=\"elementor-toggle-icon-closed\"><svg class=\"e-font-icon-svg e-fas-arrow-right\" viewbox=\"0 0 448 512\" xmlns=\"http:\/\/www.w3.org\/2000\/svg\"><path d=\"M190.5 66.9l22.2-22.2c9.4-9.4 24.6-9.4 33.9 0L441 239c9.4 9.4 9.4 24.6 0 33.9L246.6 467.3c-9.4 9.4-24.6 9.4-33.9 0l-22.2-22.2c-9.5-9.5-9.3-25 .4-34.3L311.4 296H24c-13.3 0-24-10.7-24-24v-32c0-13.3 10.7-24 24-24h287.4L190.9 101.2c-9.8-9.3-10-24.8-.4-34.3z\"><\/path><\/svg><\/span>\n\t\t\t\t\t\t\t\t<span class=\"elementor-toggle-icon-opened\"><svg class=\"elementor-toggle-icon-opened e-font-icon-svg e-fas-angle-up\" viewbox=\"0 0 320 512\" xmlns=\"http:\/\/www.w3.org\/2000\/svg\"><path d=\"M177 159.7l136 136c9.4 9.4 9.4 24.6 0 33.9l-22.6 22.6c-9.4 9.4-24.6 9.4-33.9 0L160 255.9l-96.4 96.4c-9.4 9.4-24.6 9.4-33.9 0L7 329.7c-9.4-9.4-9.4-24.6 0-33.9l136-136c9.4-9.5 24.6-9.5 34-.1z\"><\/path><\/svg><\/span>\n\t\t\t\t\t\t\t\t\t\t\t\t\t<\/span>\n\t\t\t\t\t\t\t\t\t\t\t\t<a class=\"elementor-toggle-title\" tabindex=\"0\">Servicedokumente<\/a>\n\t\t\t\t\t<\/h2>\n\n\t\t\t\t\t<div id=\"elementor-tab-content-5291\" class=\"elementor-tab-content elementor-clearfix\" data-tab=\"1\" role=\"region\" aria-labelledby=\"elementor-tab-title-5291\"><p><a href=\"https:\/\/aptec.international\/wp-content\/uploads\/2023\/11\/CZ-APTEC-Cenik-servisu-deskovych-vymeniku-08-2023.pdf\">CZ \u2013 APTEC Preisliste Service f\u00fcr Plattenw\u00e4rmetauscher<\/a><br \/><a href=\"https:\/\/aptec.international\/wp-content\/uploads\/2023\/11\/CZ-Rozpis-pouzitelnych-vymeniku-na-vymenu.pdf\">CZ \u2013 Liste der austauschbaren W\u00e4rmetauscher<\/a><\/p><p><a href=\"https:\/\/aptec.international\/wp-content\/uploads\/2023\/11\/DE-APTEC-Cenik-servisu-deskovych-vymeniku-Service-Preisliste-08-2023.pdf\">DE \u2013 APTEC Preisliste Service f\u00fcr Plattenw\u00e4rmetauscher<\/a><br \/><a href=\"https:\/\/aptec.international\/wp-content\/uploads\/2023\/11\/DE-Aufstellung-der-verwendbaren-Warmetauscher-als-Ersatz.pdf\">DE \u2013 Liste der austauschbaren W\u00e4rmetauscher<\/a><\/p><\/div>\n\t\t\t\t<\/div>\n\t\t\t\t\t\t\t\t<\/div>\n\t\t\t\t\t\t<\/div>\n\t\t\t\t\t<\/div>\n\t\t<\/div>\n\t\t\t\t\t<\/div>\n\t\t<\/section>\n\t\t\t\t<\/div>","protected":false},"excerpt":{"rendered":"<p>Dokumenty ke sta\u017een\u00ed Servisn\u00ed dokumenty CZ \u2013 APTEC Cen\u00edk servis deskov\u00fdch v\u00fdm\u011bn\u00edk\u016fCZ \u2013 Rozpis pou\u017eiteln\u00fdch v\u00fdm\u011bn\u00edk\u016f na v\u00fdm\u011bnu DE \u2013 [&hellip;]<\/p>\n","protected":false},"author":1,"featured_media":7682,"parent":583,"menu_order":0,"comment_status":"closed","ping_status":"closed","template":"elementor_header_footer","meta":{"site-sidebar-layout":"no-sidebar","site-content-layout":"page-builder","ast-site-content-layout":"full-width-container","site-content-style":"unboxed","site-sidebar-style":"unboxed","ast-global-header-display":"","ast-banner-title-visibility":"","ast-main-header-display":"","ast-hfb-above-header-display":"","ast-hfb-below-header-display":"","ast-hfb-mobile-header-display":"","site-post-title":"disabled","ast-breadcrumbs-content":"","ast-featured-img":"disabled","footer-sml-layout":"","theme-transparent-header-meta":"default","adv-header-id-meta":"","stick-header-meta":"","header-above-stick-meta":"","header-main-stick-meta":"","header-below-stick-meta":"","astra-migrate-meta-layouts":"set","ast-page-background-enabled":"default","ast-page-background-meta":{"desktop":{"background-color":"var(--ast-global-color-4)","background-image":"","background-repeat":"repeat","background-position":"center center","background-size":"auto","background-attachment":"scroll","background-type":"","background-media":"","overlay-type":"","overlay-color":"","overlay-opacity":"","overlay-gradient":""},"tablet":{"background-color":"","background-image":"","background-repeat":"repeat","background-position":"center center","background-size":"auto","background-attachment":"scroll","background-type":"","background-media":"","overlay-type":"","overlay-color":"","overlay-opacity":"","overlay-gradient":""},"mobile":{"background-color":"","background-image":"","background-repeat":"repeat","background-position":"center center","background-size":"auto","background-attachment":"scroll","background-type":"","background-media":"","overlay-type":"","overlay-color":"","overlay-opacity":"","overlay-gradient":""}},"ast-content-background-meta":{"desktop":{"background-color":"var(--ast-global-color-5)","background-image":"","background-repeat":"repeat","background-position":"center center","background-size":"auto","background-attachment":"scroll","background-type":"","background-media":"","overlay-type":"","overlay-color":"","overlay-opacity":"","overlay-gradient":""},"tablet":{"background-color":"var(--ast-global-color-5)","background-image":"","background-repeat":"repeat","background-position":"center center","background-size":"auto","background-attachment":"scroll","background-type":"","background-media":"","overlay-type":"","overlay-color":"","overlay-opacity":"","overlay-gradient":""},"mobile":{"background-color":"var(--ast-global-color-5)","background-image":"","background-repeat":"repeat","background-position":"center center","background-size":"auto","background-attachment":"scroll","background-type":"","background-media":"","overlay-type":"","overlay-color":"","overlay-opacity":"","overlay-gradient":""}},"footnotes":""},"class_list":["post-2098","page","type-page","status-publish","has-post-thumbnail","hentry"],"yoast_head":"<!-- This site is optimized with the Yoast SEO plugin v27.4 - https:\/\/yoast.com\/product\/yoast-seo-wordpress\/ -->\n<title>Servisn\u00ed dokumenty v\u00fdm\u011bn\u00edky tepla | Aptec production<\/title>\n<meta name=\"description\" content=\"Servisn\u00ed dokumenty v\u00fdm\u011bn\u00edk\u016f tepla Aptec. Cen\u00edky, p\u0159ehledy a servisn\u00ed podklady dostupn\u00e9 v \u010desk\u00e9 i n\u011bmeck\u00e9 verzi.\" \/>\n<meta name=\"robots\" content=\"index, follow, max-snippet:-1, max-image-preview:large, max-video-preview:-1\" \/>\n<link rel=\"canonical\" href=\"https:\/\/aptec.international\/de\/downloads\/service\/\" \/>\n<meta property=\"og:locale\" content=\"de_DE\" \/>\n<meta property=\"og:type\" content=\"article\" \/>\n<meta property=\"og:title\" content=\"Dokumenty ke sta\u017een\u00ed | Servis v\u00fdm\u011bn\u00edk\u016f tepla Aptec\" \/>\n<meta property=\"og:description\" content=\"Dokumenty ke sta\u017een\u00ed pro servis v\u00fdm\u011bn\u00edk\u016f tepla Aptec. Cen\u00edky, p\u0159ehledy a servisn\u00ed podklady dostupn\u00e9 v \u010desk\u00e9 i n\u011bmeck\u00e9 verzi.\" \/>\n<meta property=\"og:url\" content=\"https:\/\/aptec.international\/de\/downloads\/service\/\" \/>\n<meta property=\"og:site_name\" content=\"Aptec production\" \/>\n<meta property=\"article:publisher\" content=\"https:\/\/www.facebook.com\/aptecproduction\" \/>\n<meta property=\"article:modified_time\" content=\"2026-03-27T07:00:12+00:00\" \/>\n<meta property=\"og:image\" content=\"https:\/\/aptec.international\/wp-content\/uploads\/2025\/02\/thumbnail_aptec_logo_300dpi.jpg\" \/>\n\t<meta property=\"og:image:width\" content=\"1920\" \/>\n\t<meta property=\"og:image:height\" content=\"1185\" \/>\n\t<meta property=\"og:image:type\" content=\"image\/jpeg\" \/>\n<meta name=\"twitter:card\" content=\"summary_large_image\" \/>\n<meta name=\"twitter:title\" content=\"Dokumenty ke sta\u017een\u00ed | Servis v\u00fdm\u011bn\u00edk\u016f tepla Aptec\" \/>\n<meta name=\"twitter:description\" content=\"Dokumenty ke sta\u017een\u00ed pro servis v\u00fdm\u011bn\u00edk\u016f tepla Aptec. Cen\u00edky, p\u0159ehledy a servisn\u00ed podklady dostupn\u00e9 v \u010desk\u00e9 i n\u011bmeck\u00e9 verzi.\" \/>\n<meta name=\"twitter:image\" content=\"https:\/\/aptec.international\/wp-content\/uploads\/2025\/02\/thumbnail_aptec_logo_300dpi.jpg\" \/>\n<meta name=\"twitter:label1\" content=\"Gesch\u00e4tzte Lesezeit\" \/>\n\t<meta name=\"twitter:data1\" content=\"1\u00a0Minute\" \/>\n<script type=\"application\/ld+json\" class=\"yoast-schema-graph\">{\"@context\":\"https:\\\/\\\/schema.org\",\"@graph\":[{\"@type\":\"WebPage\",\"@id\":\"https:\\\/\\\/aptec.international\\\/ke-stazeni\\\/servis\\\/\",\"url\":\"https:\\\/\\\/aptec.international\\\/ke-stazeni\\\/servis\\\/\",\"name\":\"Servisn\u00ed dokumenty v\u00fdm\u011bn\u00edky tepla | Aptec production\",\"isPartOf\":{\"@id\":\"https:\\\/\\\/aptec.international\\\/#website\"},\"primaryImageOfPage\":{\"@id\":\"https:\\\/\\\/aptec.international\\\/ke-stazeni\\\/servis\\\/#primaryimage\"},\"image\":{\"@id\":\"https:\\\/\\\/aptec.international\\\/ke-stazeni\\\/servis\\\/#primaryimage\"},\"thumbnailUrl\":\"https:\\\/\\\/aptec.international\\\/wp-content\\\/uploads\\\/2025\\\/02\\\/thumbnail_aptec_logo_300dpi.jpg\",\"datePublished\":\"2022-03-02T13:50:40+00:00\",\"dateModified\":\"2026-03-27T07:00:12+00:00\",\"description\":\"Servisn\u00ed dokumenty v\u00fdm\u011bn\u00edk\u016f tepla Aptec. Cen\u00edky, p\u0159ehledy a servisn\u00ed podklady dostupn\u00e9 v \u010desk\u00e9 i n\u011bmeck\u00e9 verzi.\",\"breadcrumb\":{\"@id\":\"https:\\\/\\\/aptec.international\\\/ke-stazeni\\\/servis\\\/#breadcrumb\"},\"inLanguage\":\"de\",\"potentialAction\":[{\"@type\":\"ReadAction\",\"target\":[\"https:\\\/\\\/aptec.international\\\/ke-stazeni\\\/servis\\\/\"]}]},{\"@type\":\"ImageObject\",\"inLanguage\":\"de\",\"@id\":\"https:\\\/\\\/aptec.international\\\/ke-stazeni\\\/servis\\\/#primaryimage\",\"url\":\"https:\\\/\\\/aptec.international\\\/wp-content\\\/uploads\\\/2025\\\/02\\\/thumbnail_aptec_logo_300dpi.jpg\",\"contentUrl\":\"https:\\\/\\\/aptec.international\\\/wp-content\\\/uploads\\\/2025\\\/02\\\/thumbnail_aptec_logo_300dpi.jpg\",\"width\":1920,\"height\":1185},{\"@type\":\"BreadcrumbList\",\"@id\":\"https:\\\/\\\/aptec.international\\\/ke-stazeni\\\/servis\\\/#breadcrumb\",\"itemListElement\":[{\"@type\":\"ListItem\",\"position\":1,\"name\":\"Dom\u016f\",\"item\":\"https:\\\/\\\/aptec.international\\\/\"},{\"@type\":\"ListItem\",\"position\":2,\"name\":\"Dokumenty ke sta\u017een\u00ed\",\"item\":\"https:\\\/\\\/aptec.international\\\/ke-stazeni\\\/\"},{\"@type\":\"ListItem\",\"position\":3,\"name\":\"Servisn\u00ed dokumenty\"}]},{\"@type\":\"WebSite\",\"@id\":\"https:\\\/\\\/aptec.international\\\/#website\",\"url\":\"https:\\\/\\\/aptec.international\\\/\",\"name\":\"Aptec production s.r.o.\",\"description\":\"Specialista na CNC obr\u00e1b\u011bn\u00ed a tepeln\u00e9 v\u00fdm\u011bn\u00edky\",\"publisher\":{\"@id\":\"https:\\\/\\\/aptec.international\\\/#organization\"},\"potentialAction\":[{\"@type\":\"SearchAction\",\"target\":{\"@type\":\"EntryPoint\",\"urlTemplate\":\"https:\\\/\\\/aptec.international\\\/?s={search_term_string}\"},\"query-input\":{\"@type\":\"PropertyValueSpecification\",\"valueRequired\":true,\"valueName\":\"search_term_string\"}}],\"inLanguage\":\"de\"},{\"@type\":\"Organization\",\"@id\":\"https:\\\/\\\/aptec.international\\\/#organization\",\"name\":\"Aptec production s.r.o.\",\"url\":\"https:\\\/\\\/aptec.international\\\/\",\"logo\":{\"@type\":\"ImageObject\",\"inLanguage\":\"de\",\"@id\":\"https:\\\/\\\/aptec.international\\\/#\\\/schema\\\/logo\\\/image\\\/\",\"url\":\"https:\\\/\\\/aptec.international\\\/wp-content\\\/uploads\\\/2025\\\/10\\\/cropped-logo-aptec-production-cnc-vyroba-vymeniky-e1759483301565.png\",\"contentUrl\":\"https:\\\/\\\/aptec.international\\\/wp-content\\\/uploads\\\/2025\\\/10\\\/cropped-logo-aptec-production-cnc-vyroba-vymeniky-e1759483301565.png\",\"width\":1004,\"height\":482,\"caption\":\"Aptec production s.r.o.\"},\"image\":{\"@id\":\"https:\\\/\\\/aptec.international\\\/#\\\/schema\\\/logo\\\/image\\\/\"},\"sameAs\":[\"https:\\\/\\\/www.facebook.com\\\/aptecproduction\",\"https:\\\/\\\/www.instagram.com\\\/aptec_production\\\/\",\"https:\\\/\\\/www.linkedin.com\\\/company\\\/aptec-production-s-r-o\"]}]}<\/script>\n<!-- \/ Yoast SEO plugin. -->","yoast_head_json":{"title":"Servisn\u00ed dokumenty v\u00fdm\u011bn\u00edky tepla | Aptec production","description":"Servisn\u00ed dokumenty v\u00fdm\u011bn\u00edk\u016f tepla Aptec. Cen\u00edky, p\u0159ehledy a servisn\u00ed podklady dostupn\u00e9 v \u010desk\u00e9 i n\u011bmeck\u00e9 verzi.","robots":{"index":"index","follow":"follow","max-snippet":"max-snippet:-1","max-image-preview":"max-image-preview:large","max-video-preview":"max-video-preview:-1"},"canonical":"https:\/\/aptec.international\/de\/downloads\/service\/","og_locale":"de_DE","og_type":"article","og_title":"Dokumenty ke sta\u017een\u00ed | Servis v\u00fdm\u011bn\u00edk\u016f tepla Aptec","og_description":"Dokumenty ke sta\u017een\u00ed pro servis v\u00fdm\u011bn\u00edk\u016f tepla Aptec. Cen\u00edky, p\u0159ehledy a servisn\u00ed podklady dostupn\u00e9 v \u010desk\u00e9 i n\u011bmeck\u00e9 verzi.","og_url":"https:\/\/aptec.international\/de\/downloads\/service\/","og_site_name":"Aptec production","article_publisher":"https:\/\/www.facebook.com\/aptecproduction","article_modified_time":"2026-03-27T07:00:12+00:00","og_image":[{"width":1920,"height":1185,"url":"https:\/\/aptec.international\/wp-content\/uploads\/2025\/02\/thumbnail_aptec_logo_300dpi.jpg","type":"image\/jpeg"}],"twitter_card":"summary_large_image","twitter_title":"Dokumenty ke sta\u017een\u00ed | Servis v\u00fdm\u011bn\u00edk\u016f tepla Aptec","twitter_description":"Dokumenty ke sta\u017een\u00ed pro servis v\u00fdm\u011bn\u00edk\u016f tepla Aptec. Cen\u00edky, p\u0159ehledy a servisn\u00ed podklady dostupn\u00e9 v \u010desk\u00e9 i n\u011bmeck\u00e9 verzi.","twitter_image":"https:\/\/aptec.international\/wp-content\/uploads\/2025\/02\/thumbnail_aptec_logo_300dpi.jpg","twitter_misc":{"Gesch\u00e4tzte Lesezeit":"1\u00a0Minute"},"schema":{"@context":"https:\/\/schema.org","@graph":[{"@type":"WebPage","@id":"https:\/\/aptec.international\/ke-stazeni\/servis\/","url":"https:\/\/aptec.international\/ke-stazeni\/servis\/","name":"Servisn\u00ed dokumenty v\u00fdm\u011bn\u00edky tepla | Aptec production","isPartOf":{"@id":"https:\/\/aptec.international\/#website"},"primaryImageOfPage":{"@id":"https:\/\/aptec.international\/ke-stazeni\/servis\/#primaryimage"},"image":{"@id":"https:\/\/aptec.international\/ke-stazeni\/servis\/#primaryimage"},"thumbnailUrl":"https:\/\/aptec.international\/wp-content\/uploads\/2025\/02\/thumbnail_aptec_logo_300dpi.jpg","datePublished":"2022-03-02T13:50:40+00:00","dateModified":"2026-03-27T07:00:12+00:00","description":"Servisn\u00ed dokumenty v\u00fdm\u011bn\u00edk\u016f tepla Aptec. Cen\u00edky, p\u0159ehledy a servisn\u00ed podklady dostupn\u00e9 v \u010desk\u00e9 i n\u011bmeck\u00e9 verzi.","breadcrumb":{"@id":"https:\/\/aptec.international\/ke-stazeni\/servis\/#breadcrumb"},"inLanguage":"de","potentialAction":[{"@type":"ReadAction","target":["https:\/\/aptec.international\/ke-stazeni\/servis\/"]}]},{"@type":"ImageObject","inLanguage":"de","@id":"https:\/\/aptec.international\/ke-stazeni\/servis\/#primaryimage","url":"https:\/\/aptec.international\/wp-content\/uploads\/2025\/02\/thumbnail_aptec_logo_300dpi.jpg","contentUrl":"https:\/\/aptec.international\/wp-content\/uploads\/2025\/02\/thumbnail_aptec_logo_300dpi.jpg","width":1920,"height":1185},{"@type":"BreadcrumbList","@id":"https:\/\/aptec.international\/ke-stazeni\/servis\/#breadcrumb","itemListElement":[{"@type":"ListItem","position":1,"name":"Dom\u016f","item":"https:\/\/aptec.international\/"},{"@type":"ListItem","position":2,"name":"Dokumenty ke sta\u017een\u00ed","item":"https:\/\/aptec.international\/ke-stazeni\/"},{"@type":"ListItem","position":3,"name":"Servisn\u00ed dokumenty"}]},{"@type":"WebSite","@id":"https:\/\/aptec.international\/#website","url":"https:\/\/aptec.international\/","name":"Aptec production s.r.o.","description":"Specialista na CNC obr\u00e1b\u011bn\u00ed a tepeln\u00e9 v\u00fdm\u011bn\u00edky","publisher":{"@id":"https:\/\/aptec.international\/#organization"},"potentialAction":[{"@type":"SearchAction","target":{"@type":"EntryPoint","urlTemplate":"https:\/\/aptec.international\/?s={search_term_string}"},"query-input":{"@type":"PropertyValueSpecification","valueRequired":true,"valueName":"search_term_string"}}],"inLanguage":"de"},{"@type":"Organization","@id":"https:\/\/aptec.international\/#organization","name":"Aptec production s.r.o.","url":"https:\/\/aptec.international\/","logo":{"@type":"ImageObject","inLanguage":"de","@id":"https:\/\/aptec.international\/#\/schema\/logo\/image\/","url":"https:\/\/aptec.international\/wp-content\/uploads\/2025\/10\/cropped-logo-aptec-production-cnc-vyroba-vymeniky-e1759483301565.png","contentUrl":"https:\/\/aptec.international\/wp-content\/uploads\/2025\/10\/cropped-logo-aptec-production-cnc-vyroba-vymeniky-e1759483301565.png","width":1004,"height":482,"caption":"Aptec production s.r.o."},"image":{"@id":"https:\/\/aptec.international\/#\/schema\/logo\/image\/"},"sameAs":["https:\/\/www.facebook.com\/aptecproduction","https:\/\/www.instagram.com\/aptec_production\/","https:\/\/www.linkedin.com\/company\/aptec-production-s-r-o"]}]}},"_links":{"self":[{"href":"https:\/\/aptec.international\/de\/wp-json\/wp\/v2\/pages\/2098","targetHints":{"allow":["GET"]}}],"collection":[{"href":"https:\/\/aptec.international\/de\/wp-json\/wp\/v2\/pages"}],"about":[{"href":"https:\/\/aptec.international\/de\/wp-json\/wp\/v2\/types\/page"}],"author":[{"embeddable":true,"href":"https:\/\/aptec.international\/de\/wp-json\/wp\/v2\/users\/1"}],"replies":[{"embeddable":true,"href":"https:\/\/aptec.international\/de\/wp-json\/wp\/v2\/comments?post=2098"}],"version-history":[{"count":134,"href":"https:\/\/aptec.international\/de\/wp-json\/wp\/v2\/pages\/2098\/revisions"}],"predecessor-version":[{"id":20885,"href":"https:\/\/aptec.international\/de\/wp-json\/wp\/v2\/pages\/2098\/revisions\/20885"}],"up":[{"embeddable":true,"href":"https:\/\/aptec.international\/de\/wp-json\/wp\/v2\/pages\/583"}],"wp:featuredmedia":[{"embeddable":true,"href":"https:\/\/aptec.international\/de\/wp-json\/wp\/v2\/media\/7682"}],"wp:attachment":[{"href":"https:\/\/aptec.international\/de\/wp-json\/wp\/v2\/media?parent=2098"}],"curies":[{"name":"wp","href":"https:\/\/api.w.org\/{rel}","templated":true}]}}