{"id":583,"date":"2020-05-25T10:37:50","date_gmt":"2020-05-25T08:37:50","guid":{"rendered":"https:\/\/aptec.international\/?page_id=583"},"modified":"2026-03-26T09:15:20","modified_gmt":"2026-03-26T08:15:20","slug":"downloads","status":"publish","type":"page","link":"https:\/\/aptec.international\/de\/ke-stazeni\/","title":{"rendered":"Downloads"},"content":{"rendered":"<div data-elementor-type=\"wp-page\" data-elementor-id=\"583\" class=\"elementor elementor-583\">\n\t\t\t\t<section class=\"elementor-element elementor-element-88a2151 e-flex e-con-boxed e-con e-parent\" data-id=\"88a2151\" data-element_type=\"container\" data-e-type=\"container\">\n\t\t\t\t\t<div class=\"e-con-inner\">\n\t\t<div class=\"elementor-element elementor-element-abbbe94 e-con-full e-flex e-con e-child\" data-id=\"abbbe94\" data-element_type=\"container\" data-e-type=\"container\">\n\t\t\t\t<div class=\"elementor-element elementor-element-be2be85 elementor-widget__width-inherit elementor-widget elementor-widget-heading\" data-id=\"be2be85\" data-element_type=\"widget\" data-e-type=\"widget\" data-widget_type=\"heading.default\">\n\t\t\t\t\t<h1 class=\"elementor-heading-title elementor-size-default\">Downloads<\/h1>\t\t\t\t<\/div>\n\t\t\t\t<\/div>\n\t\t\t\t\t<\/div>\n\t\t\t\t<\/section>\n\t\t\t\t<section class=\"elementor-section elementor-top-section elementor-element elementor-element-3dbc288 elementor-section-boxed elementor-section-height-default elementor-section-height-default elementor-invisible\" data-id=\"3dbc288\" data-element_type=\"section\" data-e-type=\"section\" data-settings=\"{&quot;animation&quot;:&quot;fadeIn&quot;}\">\n\t\t\t\t\t\t<div class=\"elementor-container elementor-column-gap-default\">\n\t\t\t\t\t<div class=\"elementor-column elementor-col-100 elementor-top-column elementor-element elementor-element-6156524\" data-id=\"6156524\" data-element_type=\"column\" data-e-type=\"column\">\n\t\t\t<div class=\"elementor-widget-wrap elementor-element-populated\">\n\t\t\t\t\t\t<div class=\"elementor-element elementor-element-cd1ddea elementor-align-justify elementor-invisible elementor-widget elementor-widget-button\" data-id=\"cd1ddea\" data-element_type=\"widget\" data-e-type=\"widget\" data-settings=\"{&quot;_animation&quot;:&quot;fadeInLeft&quot;}\" data-widget_type=\"button.default\">\n\t\t\t\t\t\t\t\t\t\t<a class=\"elementor-button elementor-button-link elementor-size-sm elementor-animation-grow\" href=\"https:\/\/aptec.international\/de\/downloads\/warmetauscher\/\">\n\t\t\t\t\t\t<span class=\"elementor-button-content-wrapper\">\n\t\t\t\t\t\t<span class=\"elementor-button-icon\">\n\t\t\t\t<svg aria-hidden=\"true\" class=\"e-font-icon-svg e-fas-arrow-right\" viewbox=\"0 0 448 512\" xmlns=\"http:\/\/www.w3.org\/2000\/svg\"><path d=\"M190.5 66.9l22.2-22.2c9.4-9.4 24.6-9.4 33.9 0L441 239c9.4 9.4 9.4 24.6 0 33.9L246.6 467.3c-9.4 9.4-24.6 9.4-33.9 0l-22.2-22.2c-9.5-9.5-9.3-25 .4-34.3L311.4 296H24c-13.3 0-24-10.7-24-24v-32c0-13.3 10.7-24 24-24h287.4L190.9 101.2c-9.8-9.3-10-24.8-.4-34.3z\"><\/path><\/svg>\t\t\t<\/span>\n\t\t\t\t\t\t\t\t\t<span class=\"elementor-button-text\">W\u00e4rmetauscher <\/span>\n\t\t\t\t\t<\/span>\n\t\t\t\t\t<\/a>\n\t\t\t\t\t\t\t\t<\/div>\n\t\t\t\t<div class=\"elementor-element elementor-element-c5dc4a9 elementor-align-justify elementor-invisible elementor-widget elementor-widget-button\" data-id=\"c5dc4a9\" data-element_type=\"widget\" data-e-type=\"widget\" data-settings=\"{&quot;_animation&quot;:&quot;fadeInLeft&quot;}\" data-widget_type=\"button.default\">\n\t\t\t\t\t\t\t\t\t\t<a class=\"elementor-button elementor-button-link elementor-size-sm elementor-animation-grow\" href=\"https:\/\/aptec.international\/de\/downloads\/service\/\">\n\t\t\t\t\t\t<span class=\"elementor-button-content-wrapper\">\n\t\t\t\t\t\t<span class=\"elementor-button-icon\">\n\t\t\t\t<svg aria-hidden=\"true\" class=\"e-font-icon-svg e-fas-arrow-right\" viewbox=\"0 0 448 512\" xmlns=\"http:\/\/www.w3.org\/2000\/svg\"><path d=\"M190.5 66.9l22.2-22.2c9.4-9.4 24.6-9.4 33.9 0L441 239c9.4 9.4 9.4 24.6 0 33.9L246.6 467.3c-9.4 9.4-24.6 9.4-33.9 0l-22.2-22.2c-9.5-9.5-9.3-25 .4-34.3L311.4 296H24c-13.3 0-24-10.7-24-24v-32c0-13.3 10.7-24 24-24h287.4L190.9 101.2c-9.8-9.3-10-24.8-.4-34.3z\"><\/path><\/svg>\t\t\t<\/span>\n\t\t\t\t\t\t\t\t\t<span class=\"elementor-button-text\">Service <\/span>\n\t\t\t\t\t<\/span>\n\t\t\t\t\t<\/a>\n\t\t\t\t\t\t\t\t<\/div>\n\t\t\t\t<div class=\"elementor-element elementor-element-01ba82f elementor-align-justify elementor-invisible elementor-widget elementor-widget-button\" data-id=\"01ba82f\" data-element_type=\"widget\" data-e-type=\"widget\" data-settings=\"{&quot;_animation&quot;:&quot;fadeInLeft&quot;}\" data-widget_type=\"button.default\">\n\t\t\t\t\t\t\t\t\t\t<a class=\"elementor-button elementor-button-link elementor-size-sm elementor-animation-grow\" href=\"https:\/\/aptec.international\/de\/downloads\/zertifikat\/\">\n\t\t\t\t\t\t<span class=\"elementor-button-content-wrapper\">\n\t\t\t\t\t\t<span class=\"elementor-button-icon\">\n\t\t\t\t<svg aria-hidden=\"true\" class=\"e-font-icon-svg e-fas-arrow-right\" viewbox=\"0 0 448 512\" xmlns=\"http:\/\/www.w3.org\/2000\/svg\"><path d=\"M190.5 66.9l22.2-22.2c9.4-9.4 24.6-9.4 33.9 0L441 239c9.4 9.4 9.4 24.6 0 33.9L246.6 467.3c-9.4 9.4-24.6 9.4-33.9 0l-22.2-22.2c-9.5-9.5-9.3-25 .4-34.3L311.4 296H24c-13.3 0-24-10.7-24-24v-32c0-13.3 10.7-24 24-24h287.4L190.9 101.2c-9.8-9.3-10-24.8-.4-34.3z\"><\/path><\/svg>\t\t\t<\/span>\n\t\t\t\t\t\t\t\t\t<span class=\"elementor-button-text\">Zertifikat<\/span>\n\t\t\t\t\t<\/span>\n\t\t\t\t\t<\/a>\n\t\t\t\t\t\t\t\t<\/div>\n\t\t\t\t\t<\/div>\n\t\t<\/div>\n\t\t\t\t\t<\/div>\n\t\t<\/section>\n\t\t\t\t<section class=\"elementor-section elementor-top-section elementor-element elementor-element-640a7bc elementor-section-boxed elementor-section-height-default elementor-section-height-default elementor-invisible\" data-id=\"640a7bc\" data-element_type=\"section\" data-e-type=\"section\" data-settings=\"{&quot;animation&quot;:&quot;fadeIn&quot;}\">\n\t\t\t\t\t\t<div class=\"elementor-container elementor-column-gap-default\">\n\t\t\t\t\t<div class=\"elementor-column elementor-col-50 elementor-top-column elementor-element elementor-element-5d99bfd\" data-id=\"5d99bfd\" data-element_type=\"column\" data-e-type=\"column\">\n\t\t\t<div class=\"elementor-widget-wrap elementor-element-populated\">\n\t\t\t\t\t\t<div class=\"elementor-element elementor-element-5504dd4 elementor-view-default elementor-position-block-start elementor-mobile-position-block-start elementor-widget elementor-widget-icon-box\" data-id=\"5504dd4\" data-element_type=\"widget\" data-e-type=\"widget\" data-widget_type=\"icon-box.default\">\n\t\t\t\t\t\t\t<div class=\"elementor-icon-box-wrapper\">\n\n\t\t\t\t\t\t<div class=\"elementor-icon-box-icon\">\n\t\t\t\t<span  class=\"elementor-icon elementor-animation-grow\">\n\t\t\t\t<svg aria-hidden=\"true\" class=\"e-font-icon-svg e-far-file-pdf\" viewbox=\"0 0 384 512\" xmlns=\"http:\/\/www.w3.org\/2000\/svg\"><path d=\"M369.9 97.9L286 14C277 5 264.8-.1 252.1-.1H48C21.5 0 0 21.5 0 48v416c0 26.5 21.5 48 48 48h288c26.5 0 48-21.5 48-48V131.9c0-12.7-5.1-25-14.1-34zM332.1 128H256V51.9l76.1 76.1zM48 464V48h160v104c0 13.3 10.7 24 24 24h104v288H48zm250.2-143.7c-12.2-12-47-8.7-64.4-6.5-17.2-10.5-28.7-25-36.8-46.3 3.9-16.1 10.1-40.6 5.4-56-4.2-26.2-37.8-23.6-42.6-5.9-4.4 16.1-.4 38.5 7 67.1-10 23.9-24.9 56-35.4 74.4-20 10.3-47 26.2-51 46.2-3.3 15.8 26 55.2 76.1-31.2 22.4-7.4 46.8-16.5 68.4-20.1 18.9 10.2 41 17 55.8 17 25.5 0 28-28.2 17.5-38.7zm-198.1 77.8c5.1-13.7 24.5-29.5 30.4-35-19 30.3-30.4 35.7-30.4 35zm81.6-190.6c7.4 0 6.7 32.1 1.8 40.8-4.4-13.9-4.3-40.8-1.8-40.8zm-24.4 136.6c9.7-16.9 18-37 24.7-54.7 8.3 15.1 18.9 27.2 30.1 35.5-20.8 4.3-38.9 13.1-54.8 19.2zm131.6-5s-5 6-37.3-7.8c35.1-2.6 40.9 5.4 37.3 7.8z\"><\/path><\/svg>\t\t\t\t<\/span>\n\t\t\t<\/div>\n\t\t\t\n\t\t\t\t\t\t<div class=\"elementor-icon-box-content\">\n\n\t\t\t\t\t\t\t\t\t<h2 class=\"elementor-icon-box-title\">\n\t\t\t\t\t\t<span  >\n\t\t\t\t\t\t\tBrosch\u00fcre (CZ)\t\t\t\t\t\t<\/span>\n\t\t\t\t\t<\/h2>\n\t\t\t\t\n\t\t\t\t\n\t\t\t<\/div>\n\t\t\t\n\t\t<\/div>\n\t\t\t\t\t\t<\/div>\n\t\t\t\t\t<\/div>\n\t\t<\/div>\n\t\t\t\t<div class=\"elementor-column elementor-col-50 elementor-top-column elementor-element elementor-element-06fec44\" data-id=\"06fec44\" data-element_type=\"column\" data-e-type=\"column\">\n\t\t\t<div class=\"elementor-widget-wrap elementor-element-populated\">\n\t\t\t\t\t\t<div class=\"elementor-element elementor-element-9d94458 elementor-view-default elementor-mobile-position-block-start elementor-widget elementor-widget-icon-box\" data-id=\"9d94458\" data-element_type=\"widget\" data-e-type=\"widget\" data-widget_type=\"icon-box.default\">\n\t\t\t\t\t\t\t<div class=\"elementor-icon-box-wrapper\">\n\n\t\t\t\t\t\t<div class=\"elementor-icon-box-icon\">\n\t\t\t\t<a href=\"https:\/\/aptec.international\/wp-content\/uploads\/2024\/03\/BROZURA-2024-DE.pdf\" class=\"elementor-icon elementor-animation-grow\" tabindex=\"-1\" aria-label=\"Brosch\u00fcre (DE)\">\n\t\t\t\t<svg aria-hidden=\"true\" class=\"e-font-icon-svg e-far-file-pdf\" viewbox=\"0 0 384 512\" xmlns=\"http:\/\/www.w3.org\/2000\/svg\"><path d=\"M369.9 97.9L286 14C277 5 264.8-.1 252.1-.1H48C21.5 0 0 21.5 0 48v416c0 26.5 21.5 48 48 48h288c26.5 0 48-21.5 48-48V131.9c0-12.7-5.1-25-14.1-34zM332.1 128H256V51.9l76.1 76.1zM48 464V48h160v104c0 13.3 10.7 24 24 24h104v288H48zm250.2-143.7c-12.2-12-47-8.7-64.4-6.5-17.2-10.5-28.7-25-36.8-46.3 3.9-16.1 10.1-40.6 5.4-56-4.2-26.2-37.8-23.6-42.6-5.9-4.4 16.1-.4 38.5 7 67.1-10 23.9-24.9 56-35.4 74.4-20 10.3-47 26.2-51 46.2-3.3 15.8 26 55.2 76.1-31.2 22.4-7.4 46.8-16.5 68.4-20.1 18.9 10.2 41 17 55.8 17 25.5 0 28-28.2 17.5-38.7zm-198.1 77.8c5.1-13.7 24.5-29.5 30.4-35-19 30.3-30.4 35.7-30.4 35zm81.6-190.6c7.4 0 6.7 32.1 1.8 40.8-4.4-13.9-4.3-40.8-1.8-40.8zm-24.4 136.6c9.7-16.9 18-37 24.7-54.7 8.3 15.1 18.9 27.2 30.1 35.5-20.8 4.3-38.9 13.1-54.8 19.2zm131.6-5s-5 6-37.3-7.8c35.1-2.6 40.9 5.4 37.3 7.8z\"><\/path><\/svg>\t\t\t\t<\/a>\n\t\t\t<\/div>\n\t\t\t\n\t\t\t\t\t\t<div class=\"elementor-icon-box-content\">\n\n\t\t\t\t\t\t\t\t\t<h3 class=\"elementor-icon-box-title\">\n\t\t\t\t\t\t<a href=\"https:\/\/aptec.international\/wp-content\/uploads\/2024\/03\/BROZURA-2024-DE.pdf\" >\n\t\t\t\t\t\t\tBrosch\u00fcre (DE)\t\t\t\t\t\t<\/a>\n\t\t\t\t\t<\/h3>\n\t\t\t\t\n\t\t\t\t\n\t\t\t<\/div>\n\t\t\t\n\t\t<\/div>\n\t\t\t\t\t\t<\/div>\n\t\t\t\t\t<\/div>\n\t\t<\/div>\n\t\t\t\t\t<\/div>\n\t\t<\/section>\n\t\t\t\t<\/div>","protected":false},"excerpt":{"rendered":"<p>Dokumenty ke sta\u017een\u00ed V\u00fdm\u011bn\u00edky Servis Certifik\u00e1t CZ \u2013 Bro\u017eura DE \u2013 Bro\u017eura<\/p>","protected":false},"author":1,"featured_media":7682,"parent":0,"menu_order":20,"comment_status":"closed","ping_status":"closed","template":"","meta":{"site-sidebar-layout":"no-sidebar","site-content-layout":"page-builder","ast-site-content-layout":"full-width-container","site-content-style":"unboxed","site-sidebar-style":"unboxed","ast-global-header-display":"","ast-banner-title-visibility":"","ast-main-header-display":"","ast-hfb-above-header-display":"","ast-hfb-below-header-display":"","ast-hfb-mobile-header-display":"","site-post-title":"disabled","ast-breadcrumbs-content":"","ast-featured-img":"disabled","footer-sml-layout":"","theme-transparent-header-meta":"default","adv-header-id-meta":"","stick-header-meta":"","header-above-stick-meta":"","header-main-stick-meta":"","header-below-stick-meta":"","astra-migrate-meta-layouts":"set","ast-page-background-enabled":"default","ast-page-background-meta":{"desktop":{"background-color":"var(--ast-global-color-4)","background-image":"","background-repeat":"repeat","background-position":"center center","background-size":"auto","background-attachment":"scroll","background-type":"","background-media":"","overlay-type":"","overlay-color":"","overlay-opacity":"","overlay-gradient":""},"tablet":{"background-color":"","background-image":"","background-repeat":"repeat","background-position":"center center","background-size":"auto","background-attachment":"scroll","background-type":"","background-media":"","overlay-type":"","overlay-color":"","overlay-opacity":"","overlay-gradient":""},"mobile":{"background-color":"","background-image":"","background-repeat":"repeat","background-position":"center center","background-size":"auto","background-attachment":"scroll","background-type":"","background-media":"","overlay-type":"","overlay-color":"","overlay-opacity":"","overlay-gradient":""}},"ast-content-background-meta":{"desktop":{"background-color":"var(--ast-global-color-5)","background-image":"","background-repeat":"repeat","background-position":"center center","background-size":"auto","background-attachment":"scroll","background-type":"","background-media":"","overlay-type":"","overlay-color":"","overlay-opacity":"","overlay-gradient":""},"tablet":{"background-color":"var(--ast-global-color-5)","background-image":"","background-repeat":"repeat","background-position":"center center","background-size":"auto","background-attachment":"scroll","background-type":"","background-media":"","overlay-type":"","overlay-color":"","overlay-opacity":"","overlay-gradient":""},"mobile":{"background-color":"var(--ast-global-color-5)","background-image":"","background-repeat":"repeat","background-position":"center center","background-size":"auto","background-attachment":"scroll","background-type":"","background-media":"","overlay-type":"","overlay-color":"","overlay-opacity":"","overlay-gradient":""}},"footnotes":""},"class_list":["post-583","page","type-page","status-publish","has-post-thumbnail","hentry"],"yoast_head":"<!-- This site is optimized with the Yoast SEO plugin v27.4 - https:\/\/yoast.com\/product\/yoast-seo-wordpress\/ -->\n<title>Dokumenty ke sta\u017een\u00ed | Aptec production<\/title>\n<meta name=\"description\" content=\"Dokumenty ke sta\u017een\u00ed firmy Aptec Production. Certifikace ISO, servis v\u00fdm\u011bn\u00edk\u016f tepla, katalogy i firemn\u00ed bro\u017eura.\" \/>\n<meta name=\"robots\" content=\"index, follow, max-snippet:-1, max-image-preview:large, max-video-preview:-1\" \/>\n<link rel=\"canonical\" href=\"https:\/\/aptec.international\/de\/downloads\/\" \/>\n<meta property=\"og:locale\" content=\"de_DE\" \/>\n<meta property=\"og:type\" content=\"article\" \/>\n<meta property=\"og:title\" content=\"Dokumenty ke sta\u017een\u00ed Aptec production\" \/>\n<meta property=\"og:description\" content=\"Dokumenty ke sta\u017een\u00ed firmy Aptec production. Certifikace ISO, servis v\u00fdm\u011bn\u00edk\u016f tepla, katalogy i firemn\u00ed bro\u017eura.\" \/>\n<meta property=\"og:url\" content=\"https:\/\/aptec.international\/de\/downloads\/\" \/>\n<meta property=\"og:site_name\" content=\"Aptec production\" \/>\n<meta property=\"article:publisher\" content=\"https:\/\/www.facebook.com\/aptecproduction\" \/>\n<meta property=\"article:modified_time\" content=\"2026-03-26T08:15:20+00:00\" \/>\n<meta property=\"og:image\" content=\"https:\/\/aptec.international\/wp-content\/uploads\/2025\/02\/thumbnail_aptec_logo_300dpi.jpg\" \/>\n\t<meta property=\"og:image:width\" content=\"1920\" \/>\n\t<meta property=\"og:image:height\" content=\"1185\" \/>\n\t<meta property=\"og:image:type\" content=\"image\/jpeg\" \/>\n<meta name=\"twitter:card\" content=\"summary_large_image\" \/>\n<meta name=\"twitter:title\" content=\"Dokumenty ke sta\u017een\u00ed Aptec production\" \/>\n<meta name=\"twitter:description\" content=\"Dokumenty ke sta\u017een\u00ed firmy Aptec Production. Certifikace ISO, servis v\u00fdm\u011bn\u00edk\u016f tepla, katalogy i firemn\u00ed bro\u017eura.\" \/>\n<meta name=\"twitter:image\" content=\"https:\/\/aptec.international\/wp-content\/uploads\/2025\/02\/thumbnail_aptec_logo_300dpi.jpg\" \/>\n<meta name=\"twitter:label1\" content=\"Gesch\u00e4tzte Lesezeit\" \/>\n\t<meta name=\"twitter:data1\" content=\"1\u00a0Minute\" \/>\n<script type=\"application\/ld+json\" class=\"yoast-schema-graph\">{\"@context\":\"https:\\\/\\\/schema.org\",\"@graph\":[{\"@type\":\"WebPage\",\"@id\":\"https:\\\/\\\/aptec.international\\\/ke-stazeni\\\/\",\"url\":\"https:\\\/\\\/aptec.international\\\/ke-stazeni\\\/\",\"name\":\"Dokumenty ke sta\u017een\u00ed | Aptec production\",\"isPartOf\":{\"@id\":\"https:\\\/\\\/aptec.international\\\/#website\"},\"primaryImageOfPage\":{\"@id\":\"https:\\\/\\\/aptec.international\\\/ke-stazeni\\\/#primaryimage\"},\"image\":{\"@id\":\"https:\\\/\\\/aptec.international\\\/ke-stazeni\\\/#primaryimage\"},\"thumbnailUrl\":\"https:\\\/\\\/aptec.international\\\/wp-content\\\/uploads\\\/2025\\\/02\\\/thumbnail_aptec_logo_300dpi.jpg\",\"datePublished\":\"2020-05-25T08:37:50+00:00\",\"dateModified\":\"2026-03-26T08:15:20+00:00\",\"description\":\"Dokumenty ke sta\u017een\u00ed firmy Aptec Production. Certifikace ISO, servis v\u00fdm\u011bn\u00edk\u016f tepla, katalogy i firemn\u00ed bro\u017eura.\",\"breadcrumb\":{\"@id\":\"https:\\\/\\\/aptec.international\\\/ke-stazeni\\\/#breadcrumb\"},\"inLanguage\":\"de\",\"potentialAction\":[{\"@type\":\"ReadAction\",\"target\":[\"https:\\\/\\\/aptec.international\\\/ke-stazeni\\\/\"]}]},{\"@type\":\"ImageObject\",\"inLanguage\":\"de\",\"@id\":\"https:\\\/\\\/aptec.international\\\/ke-stazeni\\\/#primaryimage\",\"url\":\"https:\\\/\\\/aptec.international\\\/wp-content\\\/uploads\\\/2025\\\/02\\\/thumbnail_aptec_logo_300dpi.jpg\",\"contentUrl\":\"https:\\\/\\\/aptec.international\\\/wp-content\\\/uploads\\\/2025\\\/02\\\/thumbnail_aptec_logo_300dpi.jpg\",\"width\":1920,\"height\":1185},{\"@type\":\"BreadcrumbList\",\"@id\":\"https:\\\/\\\/aptec.international\\\/ke-stazeni\\\/#breadcrumb\",\"itemListElement\":[{\"@type\":\"ListItem\",\"position\":1,\"name\":\"Dom\u016f\",\"item\":\"https:\\\/\\\/aptec.international\\\/\"},{\"@type\":\"ListItem\",\"position\":2,\"name\":\"Dokumenty ke sta\u017een\u00ed\"}]},{\"@type\":\"WebSite\",\"@id\":\"https:\\\/\\\/aptec.international\\\/#website\",\"url\":\"https:\\\/\\\/aptec.international\\\/\",\"name\":\"Aptec production s.r.o.\",\"description\":\"Specialista na CNC obr\u00e1b\u011bn\u00ed a tepeln\u00e9 v\u00fdm\u011bn\u00edky\",\"publisher\":{\"@id\":\"https:\\\/\\\/aptec.international\\\/#organization\"},\"potentialAction\":[{\"@type\":\"SearchAction\",\"target\":{\"@type\":\"EntryPoint\",\"urlTemplate\":\"https:\\\/\\\/aptec.international\\\/?s={search_term_string}\"},\"query-input\":{\"@type\":\"PropertyValueSpecification\",\"valueRequired\":true,\"valueName\":\"search_term_string\"}}],\"inLanguage\":\"de\"},{\"@type\":\"Organization\",\"@id\":\"https:\\\/\\\/aptec.international\\\/#organization\",\"name\":\"Aptec production s.r.o.\",\"url\":\"https:\\\/\\\/aptec.international\\\/\",\"logo\":{\"@type\":\"ImageObject\",\"inLanguage\":\"de\",\"@id\":\"https:\\\/\\\/aptec.international\\\/#\\\/schema\\\/logo\\\/image\\\/\",\"url\":\"https:\\\/\\\/aptec.international\\\/wp-content\\\/uploads\\\/2025\\\/10\\\/cropped-logo-aptec-production-cnc-vyroba-vymeniky-e1759483301565.png\",\"contentUrl\":\"https:\\\/\\\/aptec.international\\\/wp-content\\\/uploads\\\/2025\\\/10\\\/cropped-logo-aptec-production-cnc-vyroba-vymeniky-e1759483301565.png\",\"width\":1004,\"height\":482,\"caption\":\"Aptec production s.r.o.\"},\"image\":{\"@id\":\"https:\\\/\\\/aptec.international\\\/#\\\/schema\\\/logo\\\/image\\\/\"},\"sameAs\":[\"https:\\\/\\\/www.facebook.com\\\/aptecproduction\",\"https:\\\/\\\/www.instagram.com\\\/aptec_production\\\/\",\"https:\\\/\\\/www.linkedin.com\\\/company\\\/aptec-production-s-r-o\"]}]}<\/script>\n<!-- \/ Yoast SEO plugin. -->","yoast_head_json":{"title":"Downloads | Aptec production","description":"Dokumente zum Download von Aptec production. ISO-Zertifizierungen, W\u00e4rmetauscher-Service, Kataloge sowie die Firmenbrosch\u00fcre.","robots":{"index":"index","follow":"follow","max-snippet":"max-snippet:-1","max-image-preview":"max-image-preview:large","max-video-preview":"max-video-preview:-1"},"canonical":"https:\/\/aptec.international\/de\/downloads\/","og_locale":"de_DE","og_type":"article","og_title":"Dokumenty ke sta\u017een\u00ed Aptec production","og_description":"Dokumenty ke sta\u017een\u00ed firmy Aptec production. Certifikace ISO, servis v\u00fdm\u011bn\u00edk\u016f tepla, katalogy i firemn\u00ed bro\u017eura.","og_url":"https:\/\/aptec.international\/de\/downloads\/","og_site_name":"Aptec production","article_publisher":"https:\/\/www.facebook.com\/aptecproduction","article_modified_time":"2026-03-26T08:15:20+00:00","og_image":[{"width":1920,"height":1185,"url":"https:\/\/aptec.international\/wp-content\/uploads\/2025\/02\/thumbnail_aptec_logo_300dpi.jpg","type":"image\/jpeg"}],"twitter_card":"summary_large_image","twitter_title":"Dokumenty ke sta\u017een\u00ed Aptec production","twitter_description":"Dokumenty ke sta\u017een\u00ed firmy Aptec Production. Certifikace ISO, servis v\u00fdm\u011bn\u00edk\u016f tepla, katalogy i firemn\u00ed bro\u017eura.","twitter_image":"https:\/\/aptec.international\/wp-content\/uploads\/2025\/02\/thumbnail_aptec_logo_300dpi.jpg","twitter_misc":{"Gesch\u00e4tzte Lesezeit":"1\u00a0Minute"},"schema":{"@context":"https:\/\/schema.org","@graph":[{"@type":"WebPage","@id":"https:\/\/aptec.international\/ke-stazeni\/","url":"https:\/\/aptec.international\/ke-stazeni\/","name":"Downloads | Aptec production","isPartOf":{"@id":"https:\/\/aptec.international\/#website"},"primaryImageOfPage":{"@id":"https:\/\/aptec.international\/ke-stazeni\/#primaryimage"},"image":{"@id":"https:\/\/aptec.international\/ke-stazeni\/#primaryimage"},"thumbnailUrl":"https:\/\/aptec.international\/wp-content\/uploads\/2025\/02\/thumbnail_aptec_logo_300dpi.jpg","datePublished":"2020-05-25T08:37:50+00:00","dateModified":"2026-03-26T08:15:20+00:00","description":"Dokumente zum Download von Aptec production. ISO-Zertifizierungen, W\u00e4rmetauscher-Service, Kataloge sowie die Firmenbrosch\u00fcre.","breadcrumb":{"@id":"https:\/\/aptec.international\/ke-stazeni\/#breadcrumb"},"inLanguage":"de","potentialAction":[{"@type":"ReadAction","target":["https:\/\/aptec.international\/ke-stazeni\/"]}]},{"@type":"ImageObject","inLanguage":"de","@id":"https:\/\/aptec.international\/ke-stazeni\/#primaryimage","url":"https:\/\/aptec.international\/wp-content\/uploads\/2025\/02\/thumbnail_aptec_logo_300dpi.jpg","contentUrl":"https:\/\/aptec.international\/wp-content\/uploads\/2025\/02\/thumbnail_aptec_logo_300dpi.jpg","width":1920,"height":1185},{"@type":"BreadcrumbList","@id":"https:\/\/aptec.international\/ke-stazeni\/#breadcrumb","itemListElement":[{"@type":"ListItem","position":1,"name":"Dom\u016f","item":"https:\/\/aptec.international\/"},{"@type":"ListItem","position":2,"name":"Dokumenty ke sta\u017een\u00ed"}]},{"@type":"WebSite","@id":"https:\/\/aptec.international\/#website","url":"https:\/\/aptec.international\/","name":"Aptec production s.r.o.","description":"Specialista na CNC obr\u00e1b\u011bn\u00ed a tepeln\u00e9 v\u00fdm\u011bn\u00edky","publisher":{"@id":"https:\/\/aptec.international\/#organization"},"potentialAction":[{"@type":"SearchAction","target":{"@type":"EntryPoint","urlTemplate":"https:\/\/aptec.international\/?s={search_term_string}"},"query-input":{"@type":"PropertyValueSpecification","valueRequired":true,"valueName":"search_term_string"}}],"inLanguage":"de"},{"@type":"Organization","@id":"https:\/\/aptec.international\/#organization","name":"Aptec production s.r.o.","url":"https:\/\/aptec.international\/","logo":{"@type":"ImageObject","inLanguage":"de","@id":"https:\/\/aptec.international\/#\/schema\/logo\/image\/","url":"https:\/\/aptec.international\/wp-content\/uploads\/2025\/10\/cropped-logo-aptec-production-cnc-vyroba-vymeniky-e1759483301565.png","contentUrl":"https:\/\/aptec.international\/wp-content\/uploads\/2025\/10\/cropped-logo-aptec-production-cnc-vyroba-vymeniky-e1759483301565.png","width":1004,"height":482,"caption":"Aptec production s.r.o."},"image":{"@id":"https:\/\/aptec.international\/#\/schema\/logo\/image\/"},"sameAs":["https:\/\/www.facebook.com\/aptecproduction","https:\/\/www.instagram.com\/aptec_production\/","https:\/\/www.linkedin.com\/company\/aptec-production-s-r-o"]}]}},"_links":{"self":[{"href":"https:\/\/aptec.international\/de\/wp-json\/wp\/v2\/pages\/583","targetHints":{"allow":["GET"]}}],"collection":[{"href":"https:\/\/aptec.international\/de\/wp-json\/wp\/v2\/pages"}],"about":[{"href":"https:\/\/aptec.international\/de\/wp-json\/wp\/v2\/types\/page"}],"author":[{"embeddable":true,"href":"https:\/\/aptec.international\/de\/wp-json\/wp\/v2\/users\/1"}],"replies":[{"embeddable":true,"href":"https:\/\/aptec.international\/de\/wp-json\/wp\/v2\/comments?post=583"}],"version-history":[{"count":231,"href":"https:\/\/aptec.international\/de\/wp-json\/wp\/v2\/pages\/583\/revisions"}],"predecessor-version":[{"id":19527,"href":"https:\/\/aptec.international\/de\/wp-json\/wp\/v2\/pages\/583\/revisions\/19527"}],"wp:featuredmedia":[{"embeddable":true,"href":"https:\/\/aptec.international\/de\/wp-json\/wp\/v2\/media\/7682"}],"wp:attachment":[{"href":"https:\/\/aptec.international\/de\/wp-json\/wp\/v2\/media?parent=583"}],"curies":[{"name":"wp","href":"https:\/\/api.w.org\/{rel}","templated":true}]}}