{"id":6928,"date":"2024-04-07T21:28:09","date_gmt":"2024-04-07T19:28:09","guid":{"rendered":"https:\/\/aptec.international\/?post_type=product&#038;p=6928"},"modified":"2024-04-07T21:37:45","modified_gmt":"2024-04-07T19:37:45","slug":"alfa-laval-cb110-90h-f-s1s2s3s4t1t2-iso-g2-4","status":"publish","type":"product","link":"https:\/\/aptec.international\/de\/produkt\/alfa-laval-cb110-90h-f-s1s2s3s4t1t2-iso-g2-4\/","title":{"rendered":"Alfa Laval CB110-90H-F S1S2S3S4T1T2 ISO G2&#8243;"},"content":{"rendered":"<p><strong>P\u00e1jen\u00fd deskov\u00fd v\u00fdm\u011bn\u00edk s proplachovac\u00edm p\u0159ipojen\u00edm na T1T2<\/strong> ist ein kompaktes und effizientes Ger\u00e4t zur W\u00e4rme\u00fcbertragung zwischen zwei Fl\u00fcssigkeiten. Er besteht aus gewellten Edelstahlplatten, die durch Kupferlot miteinander verbunden sind. Dieser W\u00e4rmetauschertyp eignet sich f\u00fcr den Einsatz bei hohen Temperaturen und Dr\u00fccken, z. B. in der zentralen W\u00e4rmeversorgung, Heizung, K\u00fchlung, Kondensation und Warmwasserbereitung. Der gel\u00f6tete Plattenw\u00e4rmetauscher ist leicht, klein und verbraucht wenig Energie. Au\u00dferdem zeichnet er sich durch hohe Zuverl\u00e4ssigkeit und lange Lebensdauer aus.<\/p>","protected":false},"excerpt":{"rendered":"<ul>\n<li><strong>Robuste und kompakte Bauweise<\/strong><\/li>\n<li><strong>Lange Lebensdauer<\/strong><\/li>\n<li><strong>Einfache Montage<\/strong><\/li>\n<li><strong>Niedriger Stromverbrauch<\/strong><\/li>\n<\/ul>","protected":false},"featured_media":6559,"template":"","meta":{"site-sidebar-layout":"no-sidebar","site-content-layout":"plain-container","ast-site-content-layout":"default","site-content-style":"default","site-sidebar-style":"default","ast-global-header-display":"","ast-banner-title-visibility":"","ast-main-header-display":"","ast-hfb-above-header-display":"","ast-hfb-below-header-display":"","ast-hfb-mobile-header-display":"","site-post-title":"","ast-breadcrumbs-content":"","ast-featured-img":"","footer-sml-layout":"","theme-transparent-header-meta":"default","adv-header-id-meta":"","stick-header-meta":"","header-above-stick-meta":"","header-main-stick-meta":"","header-below-stick-meta":"","astra-migrate-meta-layouts":"default","ast-page-background-enabled":"default","ast-page-background-meta":{"desktop":{"background-color":"var(--ast-global-color-4)","background-image":"","background-repeat":"repeat","background-position":"center center","background-size":"auto","background-attachment":"scroll","background-type":"","background-media":"","overlay-type":"","overlay-color":"","overlay-opacity":"","overlay-gradient":""},"tablet":{"background-color":"","background-image":"","background-repeat":"repeat","background-position":"center center","background-size":"auto","background-attachment":"scroll","background-type":"","background-media":"","overlay-type":"","overlay-color":"","overlay-opacity":"","overlay-gradient":""},"mobile":{"background-color":"","background-image":"","background-repeat":"repeat","background-position":"center center","background-size":"auto","background-attachment":"scroll","background-type":"","background-media":"","overlay-type":"","overlay-color":"","overlay-opacity":"","overlay-gradient":""}},"ast-content-background-meta":{"desktop":{"background-color":"var(--ast-global-color-5)","background-image":"","background-repeat":"repeat","background-position":"center center","background-size":"auto","background-attachment":"scroll","background-type":"","background-media":"","overlay-type":"","overlay-color":"","overlay-opacity":"","overlay-gradient":""},"tablet":{"background-color":"var(--ast-global-color-5)","background-image":"","background-repeat":"repeat","background-position":"center center","background-size":"auto","background-attachment":"scroll","background-type":"","background-media":"","overlay-type":"","overlay-color":"","overlay-opacity":"","overlay-gradient":""},"mobile":{"background-color":"var(--ast-global-color-5)","background-image":"","background-repeat":"repeat","background-position":"center center","background-size":"auto","background-attachment":"scroll","background-type":"","background-media":"","overlay-type":"","overlay-color":"","overlay-opacity":"","overlay-gradient":""}}},"product_brand":[],"product_cat":[18],"product_tag":[],"class_list":{"0":"post-6928","1":"product","2":"type-product","3":"status-publish","4":"has-post-thumbnail","6":"product_cat-vymeniky","7":"pa_mp-voda","8":"pa_ms-voda","9":"pa_teplotap-51","10":"pa_teplotapv-83","11":"pa_teplotas-94","12":"pa_teplotasv-133","13":"pa_ur-topeni","14":"pa_vykon-900-kw","15":"desktop-align-left","16":"tablet-align-left","17":"mobile-align-left","19":"first","20":"instock","21":"shipping-taxable","22":"product-type-external"},"yoast_head":"<!-- This site is optimized with the Yoast SEO plugin v27.4 - https:\/\/yoast.com\/product\/yoast-seo-wordpress\/ -->\n<title>Aptec production - V\u00fdm\u011bn\u00edk Alfa Laval CB110-90H-F S1S2S3S4T1T2 ISO G2&quot;<\/title>\n<meta name=\"description\" content=\"P\u00e1jen\u00e9 deskov\u00e9 v\u00fdm\u011bn\u00edky jsou ide\u00e1ln\u00ed pro aplikace s vysok\u00fdmi teplotami a tlaky. V\u00fdm\u011bn\u00edk tepla nab\u00edz\u00ed odolnost, snadnou instalaci a n\u00edzkou spot\u0159ebu energie.\" \/>\n<meta name=\"robots\" content=\"index, follow, max-snippet:-1, max-image-preview:large, max-video-preview:-1\" \/>\n<link rel=\"canonical\" href=\"https:\/\/aptec.international\/de\/produkt\/alfa-laval-cb110-90h-f-s1s2s3s4t1t2-iso-g2-4\/\" \/>\n<meta property=\"og:locale\" content=\"de_DE\" \/>\n<meta property=\"og:type\" content=\"article\" \/>\n<meta property=\"og:title\" content=\"Aptec production - V\u00fdm\u011bn\u00edk Alfa Laval CB110-90H-F S1S2S3S4T1T2 ISO G2&quot;\" \/>\n<meta property=\"og:description\" content=\"P\u00e1jen\u00e9 deskov\u00e9 v\u00fdm\u011bn\u00edky jsou ide\u00e1ln\u00ed pro aplikace s vysok\u00fdmi teplotami a tlaky. V\u00fdm\u011bn\u00edk tepla nab\u00edz\u00ed odolnost, snadnou instalaci a n\u00edzkou spot\u0159ebu energie.\" \/>\n<meta property=\"og:url\" content=\"https:\/\/aptec.international\/de\/produkt\/alfa-laval-cb110-90h-f-s1s2s3s4t1t2-iso-g2-4\/\" \/>\n<meta property=\"og:site_name\" content=\"Aptec production\" \/>\n<meta property=\"article:publisher\" content=\"https:\/\/www.facebook.com\/aptecproduction\" \/>\n<meta property=\"article:modified_time\" content=\"2024-04-07T19:37:45+00:00\" \/>\n<meta property=\"og:image\" content=\"https:\/\/aptec.international\/wp-content\/uploads\/2024\/03\/3287184137-Alfa-Laval-CB110-S1S2S3S4T1T2-ISO-G2.jpg\" \/>\n\t<meta property=\"og:image:width\" content=\"600\" \/>\n\t<meta property=\"og:image:height\" content=\"800\" \/>\n\t<meta property=\"og:image:type\" content=\"image\/jpeg\" \/>\n<meta name=\"twitter:card\" content=\"summary_large_image\" \/>\n<meta name=\"twitter:label1\" content=\"Gesch\u00e4tzte Lesezeit\" \/>\n\t<meta name=\"twitter:data1\" content=\"1\u00a0Minute\" \/>\n<script type=\"application\/ld+json\" class=\"yoast-schema-graph\">{\"@context\":\"https:\\\/\\\/schema.org\",\"@graph\":[{\"@type\":\"WebPage\",\"@id\":\"https:\\\/\\\/aptec.international\\\/de\\\/produkt\\\/alfa-laval-cb110-90h-f-s1s2s3s4t1t2-iso-g2-4\\\/\",\"url\":\"https:\\\/\\\/aptec.international\\\/de\\\/produkt\\\/alfa-laval-cb110-90h-f-s1s2s3s4t1t2-iso-g2-4\\\/\",\"name\":\"Aptec production - V\u00fdm\u011bn\u00edk Alfa Laval CB110-90H-F S1S2S3S4T1T2 ISO G2\\\"\",\"isPartOf\":{\"@id\":\"https:\\\/\\\/aptec.international\\\/#website\"},\"primaryImageOfPage\":{\"@id\":\"https:\\\/\\\/aptec.international\\\/de\\\/produkt\\\/alfa-laval-cb110-90h-f-s1s2s3s4t1t2-iso-g2-4\\\/#primaryimage\"},\"image\":{\"@id\":\"https:\\\/\\\/aptec.international\\\/de\\\/produkt\\\/alfa-laval-cb110-90h-f-s1s2s3s4t1t2-iso-g2-4\\\/#primaryimage\"},\"thumbnailUrl\":\"https:\\\/\\\/aptec.international\\\/wp-content\\\/uploads\\\/2024\\\/03\\\/3287184137-Alfa-Laval-CB110-S1S2S3S4T1T2-ISO-G2.jpg\",\"datePublished\":\"2024-04-07T19:28:09+00:00\",\"dateModified\":\"2024-04-07T19:37:45+00:00\",\"description\":\"P\u00e1jen\u00e9 deskov\u00e9 v\u00fdm\u011bn\u00edky jsou ide\u00e1ln\u00ed pro aplikace s vysok\u00fdmi teplotami a tlaky. V\u00fdm\u011bn\u00edk tepla nab\u00edz\u00ed odolnost, snadnou instalaci a n\u00edzkou spot\u0159ebu energie.\",\"breadcrumb\":{\"@id\":\"https:\\\/\\\/aptec.international\\\/de\\\/produkt\\\/alfa-laval-cb110-90h-f-s1s2s3s4t1t2-iso-g2-4\\\/#breadcrumb\"},\"inLanguage\":\"de\",\"potentialAction\":[{\"@type\":\"ReadAction\",\"target\":[\"https:\\\/\\\/aptec.international\\\/de\\\/produkt\\\/alfa-laval-cb110-90h-f-s1s2s3s4t1t2-iso-g2-4\\\/\"]}]},{\"@type\":\"ImageObject\",\"inLanguage\":\"de\",\"@id\":\"https:\\\/\\\/aptec.international\\\/de\\\/produkt\\\/alfa-laval-cb110-90h-f-s1s2s3s4t1t2-iso-g2-4\\\/#primaryimage\",\"url\":\"https:\\\/\\\/aptec.international\\\/wp-content\\\/uploads\\\/2024\\\/03\\\/3287184137-Alfa-Laval-CB110-S1S2S3S4T1T2-ISO-G2.jpg\",\"contentUrl\":\"https:\\\/\\\/aptec.international\\\/wp-content\\\/uploads\\\/2024\\\/03\\\/3287184137-Alfa-Laval-CB110-S1S2S3S4T1T2-ISO-G2.jpg\",\"width\":600,\"height\":800},{\"@type\":\"BreadcrumbList\",\"@id\":\"https:\\\/\\\/aptec.international\\\/de\\\/produkt\\\/alfa-laval-cb110-90h-f-s1s2s3s4t1t2-iso-g2-4\\\/#breadcrumb\",\"itemListElement\":[{\"@type\":\"ListItem\",\"position\":1,\"name\":\"Dom\u016f\",\"item\":\"https:\\\/\\\/aptec.international\\\/\"},{\"@type\":\"ListItem\",\"position\":2,\"name\":\"Kalkul\u00e1tor v\u00fdm\u011bn\u00edk\u016f\",\"item\":\"https:\\\/\\\/aptec.international\\\/kalkulator-vymeniku\\\/\"},{\"@type\":\"ListItem\",\"position\":3,\"name\":\"Alfa Laval CB110-90H-F S1S2S3S4T1T2 ISO G2&#8243;\"}]},{\"@type\":\"WebSite\",\"@id\":\"https:\\\/\\\/aptec.international\\\/#website\",\"url\":\"https:\\\/\\\/aptec.international\\\/\",\"name\":\"Aptec production s.r.o.\",\"description\":\"Specialista na CNC obr\u00e1b\u011bn\u00ed a tepeln\u00e9 v\u00fdm\u011bn\u00edky\",\"publisher\":{\"@id\":\"https:\\\/\\\/aptec.international\\\/#organization\"},\"potentialAction\":[{\"@type\":\"SearchAction\",\"target\":{\"@type\":\"EntryPoint\",\"urlTemplate\":\"https:\\\/\\\/aptec.international\\\/?s={search_term_string}\"},\"query-input\":{\"@type\":\"PropertyValueSpecification\",\"valueRequired\":true,\"valueName\":\"search_term_string\"}}],\"inLanguage\":\"de\"},{\"@type\":\"Organization\",\"@id\":\"https:\\\/\\\/aptec.international\\\/#organization\",\"name\":\"Aptec production s.r.o.\",\"url\":\"https:\\\/\\\/aptec.international\\\/\",\"logo\":{\"@type\":\"ImageObject\",\"inLanguage\":\"de\",\"@id\":\"https:\\\/\\\/aptec.international\\\/#\\\/schema\\\/logo\\\/image\\\/\",\"url\":\"https:\\\/\\\/aptec.international\\\/wp-content\\\/uploads\\\/2025\\\/10\\\/cropped-logo-aptec-production-cnc-vyroba-vymeniky-e1759483301565.png\",\"contentUrl\":\"https:\\\/\\\/aptec.international\\\/wp-content\\\/uploads\\\/2025\\\/10\\\/cropped-logo-aptec-production-cnc-vyroba-vymeniky-e1759483301565.png\",\"width\":1004,\"height\":482,\"caption\":\"Aptec production s.r.o.\"},\"image\":{\"@id\":\"https:\\\/\\\/aptec.international\\\/#\\\/schema\\\/logo\\\/image\\\/\"},\"sameAs\":[\"https:\\\/\\\/www.facebook.com\\\/aptecproduction\",\"https:\\\/\\\/www.instagram.com\\\/aptec_production\\\/\",\"https:\\\/\\\/www.linkedin.com\\\/company\\\/aptec-production-s-r-o\"]}]}<\/script>\n<!-- \/ Yoast SEO plugin. -->","yoast_head_json":{"title":"Aptec production - V\u00fdm\u011bn\u00edk Alfa Laval CB110-90H-F S1S2S3S4T1T2 ISO G2\"","description":"P\u00e1jen\u00e9 deskov\u00e9 v\u00fdm\u011bn\u00edky jsou ide\u00e1ln\u00ed pro aplikace s vysok\u00fdmi teplotami a tlaky. V\u00fdm\u011bn\u00edk tepla nab\u00edz\u00ed odolnost, snadnou instalaci a n\u00edzkou spot\u0159ebu energie.","robots":{"index":"index","follow":"follow","max-snippet":"max-snippet:-1","max-image-preview":"max-image-preview:large","max-video-preview":"max-video-preview:-1"},"canonical":"https:\/\/aptec.international\/de\/produkt\/alfa-laval-cb110-90h-f-s1s2s3s4t1t2-iso-g2-4\/","og_locale":"de_DE","og_type":"article","og_title":"Aptec production - V\u00fdm\u011bn\u00edk Alfa Laval CB110-90H-F S1S2S3S4T1T2 ISO G2\"","og_description":"P\u00e1jen\u00e9 deskov\u00e9 v\u00fdm\u011bn\u00edky jsou ide\u00e1ln\u00ed pro aplikace s vysok\u00fdmi teplotami a tlaky. V\u00fdm\u011bn\u00edk tepla nab\u00edz\u00ed odolnost, snadnou instalaci a n\u00edzkou spot\u0159ebu energie.","og_url":"https:\/\/aptec.international\/de\/produkt\/alfa-laval-cb110-90h-f-s1s2s3s4t1t2-iso-g2-4\/","og_site_name":"Aptec production","article_publisher":"https:\/\/www.facebook.com\/aptecproduction","article_modified_time":"2024-04-07T19:37:45+00:00","og_image":[{"width":600,"height":800,"url":"https:\/\/aptec.international\/wp-content\/uploads\/2024\/03\/3287184137-Alfa-Laval-CB110-S1S2S3S4T1T2-ISO-G2.jpg","type":"image\/jpeg"}],"twitter_card":"summary_large_image","twitter_misc":{"Gesch\u00e4tzte Lesezeit":"1\u00a0Minute"},"schema":{"@context":"https:\/\/schema.org","@graph":[{"@type":"WebPage","@id":"https:\/\/aptec.international\/de\/produkt\/alfa-laval-cb110-90h-f-s1s2s3s4t1t2-iso-g2-4\/","url":"https:\/\/aptec.international\/de\/produkt\/alfa-laval-cb110-90h-f-s1s2s3s4t1t2-iso-g2-4\/","name":"Aptec production - V\u00fdm\u011bn\u00edk Alfa Laval CB110-90H-F S1S2S3S4T1T2 ISO G2\"","isPartOf":{"@id":"https:\/\/aptec.international\/#website"},"primaryImageOfPage":{"@id":"https:\/\/aptec.international\/de\/produkt\/alfa-laval-cb110-90h-f-s1s2s3s4t1t2-iso-g2-4\/#primaryimage"},"image":{"@id":"https:\/\/aptec.international\/de\/produkt\/alfa-laval-cb110-90h-f-s1s2s3s4t1t2-iso-g2-4\/#primaryimage"},"thumbnailUrl":"https:\/\/aptec.international\/wp-content\/uploads\/2024\/03\/3287184137-Alfa-Laval-CB110-S1S2S3S4T1T2-ISO-G2.jpg","datePublished":"2024-04-07T19:28:09+00:00","dateModified":"2024-04-07T19:37:45+00:00","description":"P\u00e1jen\u00e9 deskov\u00e9 v\u00fdm\u011bn\u00edky jsou ide\u00e1ln\u00ed pro aplikace s vysok\u00fdmi teplotami a tlaky. V\u00fdm\u011bn\u00edk tepla nab\u00edz\u00ed odolnost, snadnou instalaci a n\u00edzkou spot\u0159ebu energie.","breadcrumb":{"@id":"https:\/\/aptec.international\/de\/produkt\/alfa-laval-cb110-90h-f-s1s2s3s4t1t2-iso-g2-4\/#breadcrumb"},"inLanguage":"de","potentialAction":[{"@type":"ReadAction","target":["https:\/\/aptec.international\/de\/produkt\/alfa-laval-cb110-90h-f-s1s2s3s4t1t2-iso-g2-4\/"]}]},{"@type":"ImageObject","inLanguage":"de","@id":"https:\/\/aptec.international\/de\/produkt\/alfa-laval-cb110-90h-f-s1s2s3s4t1t2-iso-g2-4\/#primaryimage","url":"https:\/\/aptec.international\/wp-content\/uploads\/2024\/03\/3287184137-Alfa-Laval-CB110-S1S2S3S4T1T2-ISO-G2.jpg","contentUrl":"https:\/\/aptec.international\/wp-content\/uploads\/2024\/03\/3287184137-Alfa-Laval-CB110-S1S2S3S4T1T2-ISO-G2.jpg","width":600,"height":800},{"@type":"BreadcrumbList","@id":"https:\/\/aptec.international\/de\/produkt\/alfa-laval-cb110-90h-f-s1s2s3s4t1t2-iso-g2-4\/#breadcrumb","itemListElement":[{"@type":"ListItem","position":1,"name":"Dom\u016f","item":"https:\/\/aptec.international\/"},{"@type":"ListItem","position":2,"name":"Kalkul\u00e1tor v\u00fdm\u011bn\u00edk\u016f","item":"https:\/\/aptec.international\/kalkulator-vymeniku\/"},{"@type":"ListItem","position":3,"name":"Alfa Laval CB110-90H-F S1S2S3S4T1T2 ISO G2&#8243;"}]},{"@type":"WebSite","@id":"https:\/\/aptec.international\/#website","url":"https:\/\/aptec.international\/","name":"Aptec production s.r.o.","description":"Specialista na CNC obr\u00e1b\u011bn\u00ed a tepeln\u00e9 v\u00fdm\u011bn\u00edky","publisher":{"@id":"https:\/\/aptec.international\/#organization"},"potentialAction":[{"@type":"SearchAction","target":{"@type":"EntryPoint","urlTemplate":"https:\/\/aptec.international\/?s={search_term_string}"},"query-input":{"@type":"PropertyValueSpecification","valueRequired":true,"valueName":"search_term_string"}}],"inLanguage":"de"},{"@type":"Organization","@id":"https:\/\/aptec.international\/#organization","name":"Aptec production s.r.o.","url":"https:\/\/aptec.international\/","logo":{"@type":"ImageObject","inLanguage":"de","@id":"https:\/\/aptec.international\/#\/schema\/logo\/image\/","url":"https:\/\/aptec.international\/wp-content\/uploads\/2025\/10\/cropped-logo-aptec-production-cnc-vyroba-vymeniky-e1759483301565.png","contentUrl":"https:\/\/aptec.international\/wp-content\/uploads\/2025\/10\/cropped-logo-aptec-production-cnc-vyroba-vymeniky-e1759483301565.png","width":1004,"height":482,"caption":"Aptec production s.r.o."},"image":{"@id":"https:\/\/aptec.international\/#\/schema\/logo\/image\/"},"sameAs":["https:\/\/www.facebook.com\/aptecproduction","https:\/\/www.instagram.com\/aptec_production\/","https:\/\/www.linkedin.com\/company\/aptec-production-s-r-o"]}]}},"_links":{"self":[{"href":"https:\/\/aptec.international\/de\/wp-json\/wp\/v2\/product\/6928","targetHints":{"allow":["GET"]}}],"collection":[{"href":"https:\/\/aptec.international\/de\/wp-json\/wp\/v2\/product"}],"about":[{"href":"https:\/\/aptec.international\/de\/wp-json\/wp\/v2\/types\/product"}],"wp:featuredmedia":[{"embeddable":true,"href":"https:\/\/aptec.international\/de\/wp-json\/wp\/v2\/media\/6559"}],"wp:attachment":[{"href":"https:\/\/aptec.international\/de\/wp-json\/wp\/v2\/media?parent=6928"}],"wp:term":[{"taxonomy":"product_brand","embeddable":true,"href":"https:\/\/aptec.international\/de\/wp-json\/wp\/v2\/product_brand?post=6928"},{"taxonomy":"product_cat","embeddable":true,"href":"https:\/\/aptec.international\/de\/wp-json\/wp\/v2\/product_cat?post=6928"},{"taxonomy":"product_tag","embeddable":true,"href":"https:\/\/aptec.international\/de\/wp-json\/wp\/v2\/product_tag?post=6928"}],"curies":[{"name":"wp","href":"https:\/\/api.w.org\/{rel}","templated":true}]}}