{"id":209,"date":"2019-11-21T11:07:52","date_gmt":"2019-11-21T10:07:52","guid":{"rendered":"http:\/\/www.aptec.international.uvirt90.active24.cz\/?page_id=209"},"modified":"2026-04-13T13:22:48","modified_gmt":"2026-04-13T11:22:48","slug":"impressum","status":"publish","type":"page","link":"https:\/\/aptec.international\/en\/impressum\/","title":{"rendered":"Impressum Aptec"},"content":{"rendered":"<div data-elementor-type=\"wp-page\" data-elementor-id=\"209\" class=\"elementor elementor-209\">\n\t\t\t\t<section class=\"elementor-element elementor-element-7160601 e-flex e-con-boxed e-con e-parent\" data-id=\"7160601\" data-element_type=\"container\" data-e-type=\"container\">\n\t\t\t\t\t<div class=\"e-con-inner\">\n\t\t<div class=\"elementor-element elementor-element-94bb8f3 e-con-full e-flex e-con e-child\" data-id=\"94bb8f3\" data-element_type=\"container\" data-e-type=\"container\">\n\t\t\t\t<div class=\"elementor-element elementor-element-a59e331 animated-slow elementor-widget elementor-widget-heading\" data-id=\"a59e331\" data-element_type=\"widget\" data-e-type=\"widget\" data-settings=\"{&quot;_animation&quot;:&quot;none&quot;}\" data-widget_type=\"heading.default\">\n\t\t\t\t\t<h2 class=\"elementor-heading-title elementor-size-default\">IMPRESSUM APTEC PRODUCTION S.R.O. <\/h2>\t\t\t\t<\/div>\n\t\t\t\t<div class=\"elementor-element elementor-element-fe22cf9 animated-slow elementor-widget elementor-widget-heading\" data-id=\"fe22cf9\" data-element_type=\"widget\" data-e-type=\"widget\" data-settings=\"{&quot;_animation&quot;:&quot;none&quot;}\" data-widget_type=\"heading.default\">\n\t\t\t\t\t<h1 class=\"elementor-heading-title elementor-size-default\">Company information<\/h1>\t\t\t\t<\/div>\n\t\t\t\t<\/div>\n\t\t\t\t\t<\/div>\n\t\t\t\t<\/section>\n\t\t<div class=\"elementor-element elementor-element-583aebb e-flex e-con-boxed e-con e-parent\" data-id=\"583aebb\" data-element_type=\"container\" data-e-type=\"container\">\n\t\t\t\t\t<div class=\"e-con-inner\">\n\t\t<div class=\"elementor-element elementor-element-d3a3d5b e-con-full e-flex e-con e-child\" data-id=\"d3a3d5b\" data-element_type=\"container\" data-e-type=\"container\">\n\t\t\t\t<div class=\"elementor-element elementor-element-d3026c7 elementor-widget elementor-widget-heading\" data-id=\"d3026c7\" data-element_type=\"widget\" data-e-type=\"widget\" data-widget_type=\"heading.default\">\n\t\t\t\t\t<h3 class=\"elementor-heading-title elementor-size-default\">Aptec production s.r.o.<\/h3>\t\t\t\t<\/div>\n\t\t\t\t<div class=\"elementor-element elementor-element-ca636c4 elementor-widget elementor-widget-text-editor\" data-id=\"ca636c4\" data-element_type=\"widget\" data-e-type=\"widget\" data-widget_type=\"text-editor.default\">\n\t\t\t\t\t\t\t\t\t<p>U Sladovny 425<br \/>CZ-671 25 Hodonice<br \/>T: <a href=\"tel:+420775268147\">+420 530 511 302<\/a><br \/>E: <a href=\"mailto:info@aptec.international\">info@aptec.international<\/a><br \/>W: <a href=\"https:\/\/aptec.international\/en\/\">aptec.international<\/a><\/p>\t\t\t\t\t\t\t\t<\/div>\n\t\t\t\t<\/div>\n\t\t<div class=\"elementor-element elementor-element-5f4615e e-con-full e-flex e-con e-child\" data-id=\"5f4615e\" data-element_type=\"container\" data-e-type=\"container\">\n\t\t\t\t<div class=\"elementor-element elementor-element-39af05f elementor-widget elementor-widget-heading\" data-id=\"39af05f\" data-element_type=\"widget\" data-e-type=\"widget\" data-widget_type=\"heading.default\">\n\t\t\t\t\t<h3 class=\"elementor-heading-title elementor-size-default\">Company Director<\/h3>\t\t\t\t<\/div>\n\t\t\t\t<div class=\"elementor-element elementor-element-ca220ee elementor-widget elementor-widget-text-editor\" data-id=\"ca220ee\" data-element_type=\"widget\" data-e-type=\"widget\" data-widget_type=\"text-editor.default\">\n\t\t\t\t\t\t\t\t\t<p>Tom\u00e1\u0161 Dyml<br \/>Company ID No: <a href=\"https:\/\/ares.gov.cz\/ekonomicke-subjekty\/res\/07022379\" target=\"_blank\" rel=\"noopener\">07022379<\/a><br \/>VAT ID: CZ07022379<br \/><a href=\"https:\/\/or.justice.cz\/ias\/ui\/rejstrik\" target=\"_blank\" rel=\"noopener\">Krajsk\u00fd soud v Brn\u011b, odd. C, vlo\u017eka 105701<\/a><\/p>\t\t\t\t\t\t\t\t<\/div>\n\t\t\t\t<\/div>\n\t\t\t\t\t<\/div>\n\t\t\t\t<\/div>\n\t\t<div class=\"elementor-element elementor-element-af267ac e-flex e-con-boxed e-con e-parent\" data-id=\"af267ac\" data-element_type=\"container\" data-e-type=\"container\">\n\t\t\t\t\t<div class=\"e-con-inner\">\n\t\t<div class=\"elementor-element elementor-element-083f442 e-con-full e-flex e-con e-child\" data-id=\"083f442\" data-element_type=\"container\" data-e-type=\"container\">\n\t\t\t\t<div class=\"elementor-element elementor-element-6730882 elementor-widget elementor-widget-heading\" data-id=\"6730882\" data-element_type=\"widget\" data-e-type=\"widget\" data-widget_type=\"heading.default\">\n\t\t\t\t\t<h3 class=\"elementor-heading-title elementor-size-default\">Bank Details CZK<\/h3>\t\t\t\t<\/div>\n\t\t\t\t<div class=\"elementor-element elementor-element-da6c1cd elementor-widget elementor-widget-text-editor\" data-id=\"da6c1cd\" data-element_type=\"widget\" data-e-type=\"widget\" data-widget_type=\"text-editor.default\">\n\t\t\t\t\t\t\t\t\t<p>MMB, a.s. ZNOJMO<br \/>Account number: 224910580 \/ 0600<br \/>IBAN: CZ29 0600 0000 0002 2491 0580<br \/>S.W.I.F.T\/BIC: AGBACZPP<\/p>\t\t\t\t\t\t\t\t<\/div>\n\t\t\t\t<\/div>\n\t\t<div class=\"elementor-element elementor-element-8ca69e5 e-con-full e-flex e-con e-child\" data-id=\"8ca69e5\" data-element_type=\"container\" data-e-type=\"container\">\n\t\t\t\t<div class=\"elementor-element elementor-element-01a0cca elementor-widget elementor-widget-heading\" data-id=\"01a0cca\" data-element_type=\"widget\" data-e-type=\"widget\" data-widget_type=\"heading.default\">\n\t\t\t\t\t<h3 class=\"elementor-heading-title elementor-size-default\">Bank Details EUR<\/h3>\t\t\t\t<\/div>\n\t\t\t\t<div class=\"elementor-element elementor-element-01cb8ec elementor-widget elementor-widget-text-editor\" data-id=\"01cb8ec\" data-element_type=\"widget\" data-e-type=\"widget\" data-widget_type=\"text-editor.default\">\n\t\t\t\t\t\t\t\t\t<p>MMB, a.s. ZNOJMO<br \/>Account number: 225721706 \/ 0600<br \/>IBAN: CZ93 0600 0000 0002 2572 1706<br \/>S.W.I.F.T\/BIC: AGBACZPP<\/p>\t\t\t\t\t\t\t\t<\/div>\n\t\t\t\t<\/div>\n\t\t\t\t\t<\/div>\n\t\t\t\t<\/div>\n\t\t\t\t<section class=\"elementor-section elementor-top-section elementor-element elementor-element-0017a1f elementor-section-boxed elementor-section-height-default elementor-section-height-default\" data-id=\"0017a1f\" data-element_type=\"section\" data-e-type=\"section\">\n\t\t\t\t\t\t<div class=\"elementor-container elementor-column-gap-default\">\n\t\t\t\t\t<div class=\"elementor-column elementor-col-100 elementor-top-column elementor-element elementor-element-de791ae\" data-id=\"de791ae\" data-element_type=\"column\" data-e-type=\"column\">\n\t\t\t<div class=\"elementor-widget-wrap elementor-element-populated\">\n\t\t\t\t\t\t<div class=\"elementor-element elementor-element-dc8cea4 elementor-align-left elementor-tablet-align-left elementor-mobile-align-left elementor-widget__width-inherit elementor-widget-tablet__width-inherit elementor-widget elementor-widget-button\" data-id=\"dc8cea4\" data-element_type=\"widget\" data-e-type=\"widget\" data-settings=\"{&quot;_animation&quot;:&quot;none&quot;}\" data-widget_type=\"button.default\">\n\t\t\t\t\t\t\t\t\t\t<a class=\"elementor-button elementor-button-link elementor-size-sm elementor-animation-grow\" href=\"https:\/\/aptec.international\/en\/terms\/\">\n\t\t\t\t\t\t<span class=\"elementor-button-content-wrapper\">\n\t\t\t\t\t\t<span class=\"elementor-button-icon\">\n\t\t\t\t<svg aria-hidden=\"true\" class=\"e-font-icon-svg e-fas-arrow-right\" viewbox=\"0 0 448 512\" xmlns=\"http:\/\/www.w3.org\/2000\/svg\"><path d=\"M190.5 66.9l22.2-22.2c9.4-9.4 24.6-9.4 33.9 0L441 239c9.4 9.4 9.4 24.6 0 33.9L246.6 467.3c-9.4 9.4-24.6 9.4-33.9 0l-22.2-22.2c-9.5-9.5-9.3-25 .4-34.3L311.4 296H24c-13.3 0-24-10.7-24-24v-32c0-13.3 10.7-24 24-24h287.4L190.9 101.2c-9.8-9.3-10-24.8-.4-34.3z\"><\/path><\/svg>\t\t\t<\/span>\n\t\t\t\t\t\t\t\t\t<span class=\"elementor-button-text\">Terms<\/span>\n\t\t\t\t\t<\/span>\n\t\t\t\t\t<\/a>\n\t\t\t\t\t\t\t\t<\/div>\n\t\t\t\t<div class=\"elementor-element elementor-element-7867d38 elementor-align-left elementor-tablet-align-left elementor-mobile-align-left elementor-widget__width-inherit elementor-widget-tablet__width-inherit elementor-widget elementor-widget-button\" data-id=\"7867d38\" data-element_type=\"widget\" data-e-type=\"widget\" data-settings=\"{&quot;_animation&quot;:&quot;none&quot;}\" data-widget_type=\"button.default\">\n\t\t\t\t\t\t\t\t\t\t<a class=\"elementor-button elementor-button-link elementor-size-sm elementor-animation-grow\" href=\"https:\/\/aptec.international\/en\/terms\/\">\n\t\t\t\t\t\t<span class=\"elementor-button-content-wrapper\">\n\t\t\t\t\t\t<span class=\"elementor-button-icon\">\n\t\t\t\t<svg aria-hidden=\"true\" class=\"e-font-icon-svg e-fas-arrow-right\" viewbox=\"0 0 448 512\" xmlns=\"http:\/\/www.w3.org\/2000\/svg\"><path d=\"M190.5 66.9l22.2-22.2c9.4-9.4 24.6-9.4 33.9 0L441 239c9.4 9.4 9.4 24.6 0 33.9L246.6 467.3c-9.4 9.4-24.6 9.4-33.9 0l-22.2-22.2c-9.5-9.5-9.3-25 .4-34.3L311.4 296H24c-13.3 0-24-10.7-24-24v-32c0-13.3 10.7-24 24-24h287.4L190.9 101.2c-9.8-9.3-10-24.8-.4-34.3z\"><\/path><\/svg>\t\t\t<\/span>\n\t\t\t\t\t\t\t\t\t<span class=\"elementor-button-text\">Privacy Policy<\/span>\n\t\t\t\t\t<\/span>\n\t\t\t\t\t<\/a>\n\t\t\t\t\t\t\t\t<\/div>\n\t\t\t\t\t<\/div>\n\t\t<\/div>\n\t\t\t\t\t<\/div>\n\t\t<\/section>\n\t\t\t\t<\/div>","protected":false},"excerpt":{"rendered":"<p>IMPRESSUM APTEC PRODUCTION S.R.O. Identifika\u010dn\u00ed \u00fadaje spole\u010dnosti Aptec production s.r.o. U Sladovny 425CZ-671 25 HodoniceT: +420 530 511 302E: info@aptec.internationalW: [&hellip;]<\/p>\n","protected":false},"author":1,"featured_media":7682,"parent":0,"menu_order":100,"comment_status":"closed","ping_status":"closed","template":"elementor_theme","meta":{"site-sidebar-layout":"no-sidebar","site-content-layout":"page-builder","ast-site-content-layout":"full-width-container","site-content-style":"unboxed","site-sidebar-style":"unboxed","ast-global-header-display":"","ast-banner-title-visibility":"","ast-main-header-display":"","ast-hfb-above-header-display":"","ast-hfb-below-header-display":"","ast-hfb-mobile-header-display":"","site-post-title":"disabled","ast-breadcrumbs-content":"","ast-featured-img":"disabled","footer-sml-layout":"","theme-transparent-header-meta":"default","adv-header-id-meta":"","stick-header-meta":"","header-above-stick-meta":"","header-main-stick-meta":"","header-below-stick-meta":"","astra-migrate-meta-layouts":"set","ast-page-background-enabled":"default","ast-page-background-meta":{"desktop":{"background-color":"var(--ast-global-color-4)","background-image":"","background-repeat":"repeat","background-position":"center center","background-size":"auto","background-attachment":"scroll","background-type":"","background-media":"","overlay-type":"","overlay-color":"","overlay-opacity":"","overlay-gradient":""},"tablet":{"background-color":"","background-image":"","background-repeat":"repeat","background-position":"center center","background-size":"auto","background-attachment":"scroll","background-type":"","background-media":"","overlay-type":"","overlay-color":"","overlay-opacity":"","overlay-gradient":""},"mobile":{"background-color":"","background-image":"","background-repeat":"repeat","background-position":"center center","background-size":"auto","background-attachment":"scroll","background-type":"","background-media":"","overlay-type":"","overlay-color":"","overlay-opacity":"","overlay-gradient":""}},"ast-content-background-meta":{"desktop":{"background-color":"var(--ast-global-color-5)","background-image":"","background-repeat":"repeat","background-position":"center center","background-size":"auto","background-attachment":"scroll","background-type":"","background-media":"","overlay-type":"","overlay-color":"","overlay-opacity":"","overlay-gradient":""},"tablet":{"background-color":"var(--ast-global-color-5)","background-image":"","background-repeat":"repeat","background-position":"center center","background-size":"auto","background-attachment":"scroll","background-type":"","background-media":"","overlay-type":"","overlay-color":"","overlay-opacity":"","overlay-gradient":""},"mobile":{"background-color":"var(--ast-global-color-5)","background-image":"","background-repeat":"repeat","background-position":"center center","background-size":"auto","background-attachment":"scroll","background-type":"","background-media":"","overlay-type":"","overlay-color":"","overlay-opacity":"","overlay-gradient":""}},"footnotes":""},"class_list":["post-209","page","type-page","status-publish","has-post-thumbnail","hentry"],"yoast_head":"<!-- This site is optimized with the Yoast SEO plugin v27.4 - https:\/\/yoast.com\/product\/yoast-seo-wordpress\/ -->\n<title>Identifika\u010dn\u00ed \u00fadaje spole\u010dnosti | Aptec production<\/title>\n<meta name=\"description\" content=\"Identifika\u010dn\u00ed \u00fadaje spole\u010dnosti Aptec production. Kontaktn\u00ed informace, bankovn\u00ed spojen\u00ed, s\u00eddlo firmy, I\u010cO a dal\u0161\u00ed z\u00e1konn\u00e9 informace.\" \/>\n<meta name=\"robots\" content=\"noindex, nofollow\" \/>\n<meta property=\"og:locale\" content=\"en_GB\" \/>\n<meta property=\"og:type\" content=\"article\" \/>\n<meta property=\"og:title\" content=\"Identifika\u010dn\u00ed \u00fadaje spole\u010dnosti | Aptec production\" \/>\n<meta property=\"og:description\" content=\"Identifika\u010dn\u00ed \u00fadaje spole\u010dnosti Aptec production. Kontaktn\u00ed informace, bankovn\u00ed spojen\u00ed, s\u00eddlo firmy, I\u010cO a dal\u0161\u00ed z\u00e1konn\u00e9 informace.\" \/>\n<meta property=\"og:url\" content=\"https:\/\/aptec.international\/en\/impressum\/\" \/>\n<meta property=\"og:site_name\" content=\"Aptec production\" \/>\n<meta property=\"article:publisher\" content=\"https:\/\/www.facebook.com\/aptecproduction\" \/>\n<meta property=\"article:modified_time\" content=\"2026-04-13T11:22:48+00:00\" \/>\n<meta property=\"og:image\" content=\"https:\/\/aptec.international\/wp-content\/uploads\/2025\/02\/thumbnail_aptec_logo_300dpi.jpg\" \/>\n\t<meta property=\"og:image:width\" content=\"1920\" \/>\n\t<meta property=\"og:image:height\" content=\"1185\" \/>\n\t<meta property=\"og:image:type\" content=\"image\/jpeg\" \/>\n<meta name=\"twitter:card\" content=\"summary_large_image\" \/>\n<meta name=\"twitter:title\" content=\"Identifika\u010dn\u00ed \u00fadaje spole\u010dnosti | Aptec production\" \/>\n<meta name=\"twitter:description\" content=\"Identifika\u010dn\u00ed \u00fadaje spole\u010dnosti Aptec production. Kontaktn\u00ed informace, bankovn\u00ed spojen\u00ed, s\u00eddlo firmy, I\u010cO a dal\u0161\u00ed z\u00e1konn\u00e9 informace.\" \/>\n<meta name=\"twitter:image\" content=\"https:\/\/aptec.international\/wp-content\/uploads\/2025\/02\/thumbnail_aptec_logo_300dpi.jpg\" \/>\n<meta name=\"twitter:label1\" content=\"Estimated reading time\" \/>\n\t<meta name=\"twitter:data1\" content=\"1 minute\" \/>\n<script type=\"application\/ld+json\" class=\"yoast-schema-graph\">{\"@context\":\"https:\\\/\\\/schema.org\",\"@graph\":[{\"@type\":\"WebPage\",\"@id\":\"https:\\\/\\\/aptec.international\\\/impressum\\\/\",\"url\":\"https:\\\/\\\/aptec.international\\\/impressum\\\/\",\"name\":\"Identifika\u010dn\u00ed \u00fadaje spole\u010dnosti | Aptec production\",\"isPartOf\":{\"@id\":\"https:\\\/\\\/aptec.international\\\/#website\"},\"primaryImageOfPage\":{\"@id\":\"https:\\\/\\\/aptec.international\\\/impressum\\\/#primaryimage\"},\"image\":{\"@id\":\"https:\\\/\\\/aptec.international\\\/impressum\\\/#primaryimage\"},\"thumbnailUrl\":\"https:\\\/\\\/aptec.international\\\/wp-content\\\/uploads\\\/2025\\\/02\\\/thumbnail_aptec_logo_300dpi.jpg\",\"datePublished\":\"2019-11-21T10:07:52+00:00\",\"dateModified\":\"2026-04-13T11:22:48+00:00\",\"description\":\"Identifika\u010dn\u00ed \u00fadaje spole\u010dnosti Aptec production. Kontaktn\u00ed informace, bankovn\u00ed spojen\u00ed, s\u00eddlo firmy, I\u010cO a dal\u0161\u00ed z\u00e1konn\u00e9 informace.\",\"breadcrumb\":{\"@id\":\"https:\\\/\\\/aptec.international\\\/impressum\\\/#breadcrumb\"},\"inLanguage\":\"en-GB\",\"potentialAction\":[{\"@type\":\"ReadAction\",\"target\":[\"https:\\\/\\\/aptec.international\\\/impressum\\\/\"]}]},{\"@type\":\"ImageObject\",\"inLanguage\":\"en-GB\",\"@id\":\"https:\\\/\\\/aptec.international\\\/impressum\\\/#primaryimage\",\"url\":\"https:\\\/\\\/aptec.international\\\/wp-content\\\/uploads\\\/2025\\\/02\\\/thumbnail_aptec_logo_300dpi.jpg\",\"contentUrl\":\"https:\\\/\\\/aptec.international\\\/wp-content\\\/uploads\\\/2025\\\/02\\\/thumbnail_aptec_logo_300dpi.jpg\",\"width\":1920,\"height\":1185},{\"@type\":\"BreadcrumbList\",\"@id\":\"https:\\\/\\\/aptec.international\\\/impressum\\\/#breadcrumb\",\"itemListElement\":[{\"@type\":\"ListItem\",\"position\":1,\"name\":\"Dom\u016f\",\"item\":\"https:\\\/\\\/aptec.international\\\/\"},{\"@type\":\"ListItem\",\"position\":2,\"name\":\"Impressum Aptec\"}]},{\"@type\":\"WebSite\",\"@id\":\"https:\\\/\\\/aptec.international\\\/#website\",\"url\":\"https:\\\/\\\/aptec.international\\\/\",\"name\":\"Aptec production s.r.o.\",\"description\":\"Specialista na CNC obr\u00e1b\u011bn\u00ed a tepeln\u00e9 v\u00fdm\u011bn\u00edky\",\"publisher\":{\"@id\":\"https:\\\/\\\/aptec.international\\\/#organization\"},\"potentialAction\":[{\"@type\":\"SearchAction\",\"target\":{\"@type\":\"EntryPoint\",\"urlTemplate\":\"https:\\\/\\\/aptec.international\\\/?s={search_term_string}\"},\"query-input\":{\"@type\":\"PropertyValueSpecification\",\"valueRequired\":true,\"valueName\":\"search_term_string\"}}],\"inLanguage\":\"en-GB\"},{\"@type\":\"Organization\",\"@id\":\"https:\\\/\\\/aptec.international\\\/#organization\",\"name\":\"Aptec production s.r.o.\",\"url\":\"https:\\\/\\\/aptec.international\\\/\",\"logo\":{\"@type\":\"ImageObject\",\"inLanguage\":\"en-GB\",\"@id\":\"https:\\\/\\\/aptec.international\\\/#\\\/schema\\\/logo\\\/image\\\/\",\"url\":\"https:\\\/\\\/aptec.international\\\/wp-content\\\/uploads\\\/2025\\\/10\\\/cropped-logo-aptec-production-cnc-vyroba-vymeniky-e1759483301565.png\",\"contentUrl\":\"https:\\\/\\\/aptec.international\\\/wp-content\\\/uploads\\\/2025\\\/10\\\/cropped-logo-aptec-production-cnc-vyroba-vymeniky-e1759483301565.png\",\"width\":1004,\"height\":482,\"caption\":\"Aptec production s.r.o.\"},\"image\":{\"@id\":\"https:\\\/\\\/aptec.international\\\/#\\\/schema\\\/logo\\\/image\\\/\"},\"sameAs\":[\"https:\\\/\\\/www.facebook.com\\\/aptecproduction\",\"https:\\\/\\\/www.instagram.com\\\/aptec_production\\\/\",\"https:\\\/\\\/www.linkedin.com\\\/company\\\/aptec-production-s-r-o\"]}]}<\/script>\n<!-- \/ Yoast SEO plugin. -->","yoast_head_json":{"title":"Company Information | Aptec production","description":"Company information of Aptec Production s.r.o. Contact details, bank details, registered office, company ID and other legal information.","robots":{"index":"noindex","follow":"nofollow"},"og_locale":"en_GB","og_type":"article","og_title":"Identifika\u010dn\u00ed \u00fadaje spole\u010dnosti | Aptec production","og_description":"Identifika\u010dn\u00ed \u00fadaje spole\u010dnosti Aptec production. Kontaktn\u00ed informace, bankovn\u00ed spojen\u00ed, s\u00eddlo firmy, I\u010cO a dal\u0161\u00ed z\u00e1konn\u00e9 informace.","og_url":"https:\/\/aptec.international\/en\/impressum\/","og_site_name":"Aptec production","article_publisher":"https:\/\/www.facebook.com\/aptecproduction","article_modified_time":"2026-04-13T11:22:48+00:00","og_image":[{"width":1920,"height":1185,"url":"https:\/\/aptec.international\/wp-content\/uploads\/2025\/02\/thumbnail_aptec_logo_300dpi.jpg","type":"image\/jpeg"}],"twitter_card":"summary_large_image","twitter_title":"Identifika\u010dn\u00ed \u00fadaje spole\u010dnosti | Aptec production","twitter_description":"Identifika\u010dn\u00ed \u00fadaje spole\u010dnosti Aptec production. Kontaktn\u00ed informace, bankovn\u00ed spojen\u00ed, s\u00eddlo firmy, I\u010cO a dal\u0161\u00ed z\u00e1konn\u00e9 informace.","twitter_image":"https:\/\/aptec.international\/wp-content\/uploads\/2025\/02\/thumbnail_aptec_logo_300dpi.jpg","twitter_misc":{"Estimated reading time":"1 minute"},"schema":{"@context":"https:\/\/schema.org","@graph":[{"@type":"WebPage","@id":"https:\/\/aptec.international\/impressum\/","url":"https:\/\/aptec.international\/impressum\/","name":"Company Information | Aptec production","isPartOf":{"@id":"https:\/\/aptec.international\/#website"},"primaryImageOfPage":{"@id":"https:\/\/aptec.international\/impressum\/#primaryimage"},"image":{"@id":"https:\/\/aptec.international\/impressum\/#primaryimage"},"thumbnailUrl":"https:\/\/aptec.international\/wp-content\/uploads\/2025\/02\/thumbnail_aptec_logo_300dpi.jpg","datePublished":"2019-11-21T10:07:52+00:00","dateModified":"2026-04-13T11:22:48+00:00","description":"Company information of Aptec Production s.r.o. Contact details, bank details, registered office, company ID and other legal information.","breadcrumb":{"@id":"https:\/\/aptec.international\/impressum\/#breadcrumb"},"inLanguage":"en-GB","potentialAction":[{"@type":"ReadAction","target":["https:\/\/aptec.international\/impressum\/"]}]},{"@type":"ImageObject","inLanguage":"en-GB","@id":"https:\/\/aptec.international\/impressum\/#primaryimage","url":"https:\/\/aptec.international\/wp-content\/uploads\/2025\/02\/thumbnail_aptec_logo_300dpi.jpg","contentUrl":"https:\/\/aptec.international\/wp-content\/uploads\/2025\/02\/thumbnail_aptec_logo_300dpi.jpg","width":1920,"height":1185},{"@type":"BreadcrumbList","@id":"https:\/\/aptec.international\/impressum\/#breadcrumb","itemListElement":[{"@type":"ListItem","position":1,"name":"Dom\u016f","item":"https:\/\/aptec.international\/"},{"@type":"ListItem","position":2,"name":"Impressum Aptec"}]},{"@type":"WebSite","@id":"https:\/\/aptec.international\/#website","url":"https:\/\/aptec.international\/","name":"Aptec production s.r.o.","description":"Specialista na CNC obr\u00e1b\u011bn\u00ed a tepeln\u00e9 v\u00fdm\u011bn\u00edky","publisher":{"@id":"https:\/\/aptec.international\/#organization"},"potentialAction":[{"@type":"SearchAction","target":{"@type":"EntryPoint","urlTemplate":"https:\/\/aptec.international\/?s={search_term_string}"},"query-input":{"@type":"PropertyValueSpecification","valueRequired":true,"valueName":"search_term_string"}}],"inLanguage":"en-GB"},{"@type":"Organization","@id":"https:\/\/aptec.international\/#organization","name":"Aptec production s.r.o.","url":"https:\/\/aptec.international\/","logo":{"@type":"ImageObject","inLanguage":"en-GB","@id":"https:\/\/aptec.international\/#\/schema\/logo\/image\/","url":"https:\/\/aptec.international\/wp-content\/uploads\/2025\/10\/cropped-logo-aptec-production-cnc-vyroba-vymeniky-e1759483301565.png","contentUrl":"https:\/\/aptec.international\/wp-content\/uploads\/2025\/10\/cropped-logo-aptec-production-cnc-vyroba-vymeniky-e1759483301565.png","width":1004,"height":482,"caption":"Aptec production s.r.o."},"image":{"@id":"https:\/\/aptec.international\/#\/schema\/logo\/image\/"},"sameAs":["https:\/\/www.facebook.com\/aptecproduction","https:\/\/www.instagram.com\/aptec_production\/","https:\/\/www.linkedin.com\/company\/aptec-production-s-r-o"]}]}},"_links":{"self":[{"href":"https:\/\/aptec.international\/en\/wp-json\/wp\/v2\/pages\/209","targetHints":{"allow":["GET"]}}],"collection":[{"href":"https:\/\/aptec.international\/en\/wp-json\/wp\/v2\/pages"}],"about":[{"href":"https:\/\/aptec.international\/en\/wp-json\/wp\/v2\/types\/page"}],"author":[{"embeddable":true,"href":"https:\/\/aptec.international\/en\/wp-json\/wp\/v2\/users\/1"}],"replies":[{"embeddable":true,"href":"https:\/\/aptec.international\/en\/wp-json\/wp\/v2\/comments?post=209"}],"version-history":[{"count":143,"href":"https:\/\/aptec.international\/en\/wp-json\/wp\/v2\/pages\/209\/revisions"}],"predecessor-version":[{"id":21541,"href":"https:\/\/aptec.international\/en\/wp-json\/wp\/v2\/pages\/209\/revisions\/21541"}],"wp:featuredmedia":[{"embeddable":true,"href":"https:\/\/aptec.international\/en\/wp-json\/wp\/v2\/media\/7682"}],"wp:attachment":[{"href":"https:\/\/aptec.international\/en\/wp-json\/wp\/v2\/media?parent=209"}],"curies":[{"name":"wp","href":"https:\/\/api.w.org\/{rel}","templated":true}]}}