{"id":4491,"date":"2023-11-03T10:01:25","date_gmt":"2023-11-03T09:01:25","guid":{"rendered":"https:\/\/aptec.international\/?page_id=4491"},"modified":"2026-03-26T09:17:37","modified_gmt":"2026-03-26T08:17:37","slug":"certificate","status":"publish","type":"page","link":"https:\/\/aptec.international\/en\/ke-stazeni\/certifikat\/","title":{"rendered":"Dokumenty ke sta\u017een\u00ed &#8211; certifik\u00e1ty"},"content":{"rendered":"<div data-elementor-type=\"wp-page\" data-elementor-id=\"4491\" class=\"elementor elementor-4491\">\n\t\t\t\t<section class=\"elementor-element elementor-element-01527b4 e-flex e-con-boxed e-con e-parent\" data-id=\"01527b4\" data-element_type=\"container\" data-e-type=\"container\">\n\t\t\t\t\t<div class=\"e-con-inner\">\n\t\t<div class=\"elementor-element elementor-element-79a6a82 e-con-full e-flex e-con e-child\" data-id=\"79a6a82\" data-element_type=\"container\" data-e-type=\"container\">\n\t\t\t\t<div class=\"elementor-element elementor-element-0d299f3 elementor-widget__width-inherit elementor-widget elementor-widget-heading\" data-id=\"0d299f3\" data-element_type=\"widget\" data-e-type=\"widget\" data-widget_type=\"heading.default\">\n\t\t\t\t\t<h1 class=\"elementor-heading-title elementor-size-default\">Downloads<\/h1>\t\t\t\t<\/div>\n\t\t\t\t<\/div>\n\t\t\t\t\t<\/div>\n\t\t\t\t<\/section>\n\t\t\t\t<section class=\"elementor-section elementor-top-section elementor-element elementor-element-f3e97cb elementor-section-boxed elementor-section-height-default elementor-section-height-default elementor-invisible\" data-id=\"f3e97cb\" data-element_type=\"section\" data-e-type=\"section\" data-settings=\"{&quot;animation&quot;:&quot;fadeIn&quot;}\">\n\t\t\t\t\t\t<div class=\"elementor-container elementor-column-gap-default\">\n\t\t\t\t\t<div class=\"elementor-column elementor-col-100 elementor-top-column elementor-element elementor-element-aa2fd3d\" data-id=\"aa2fd3d\" data-element_type=\"column\" data-e-type=\"column\">\n\t\t\t<div class=\"elementor-widget-wrap elementor-element-populated\">\n\t\t\t\t\t\t<div class=\"elementor-element elementor-element-033fa1c elementor-widget-mobile__width-inherit elementor-widget elementor-widget-toggle\" data-id=\"033fa1c\" data-element_type=\"widget\" data-e-type=\"widget\" data-widget_type=\"toggle.default\">\n\t\t\t\t\t\t\t<div class=\"elementor-toggle\">\n\t\t\t\t\t\t\t<div class=\"elementor-toggle-item\">\n\t\t\t\t\t<h2 id=\"elementor-tab-title-3401\" class=\"elementor-tab-title\" data-tab=\"1\" role=\"button\" aria-controls=\"elementor-tab-content-3401\" aria-expanded=\"false\">\n\t\t\t\t\t\t\t\t\t\t\t\t<span class=\"elementor-toggle-icon elementor-toggle-icon-right\" aria-hidden=\"true\">\n\t\t\t\t\t\t\t\t\t\t\t\t\t\t\t<span class=\"elementor-toggle-icon-closed\"><svg class=\"e-font-icon-svg e-fas-arrow-right\" viewbox=\"0 0 448 512\" xmlns=\"http:\/\/www.w3.org\/2000\/svg\"><path d=\"M190.5 66.9l22.2-22.2c9.4-9.4 24.6-9.4 33.9 0L441 239c9.4 9.4 9.4 24.6 0 33.9L246.6 467.3c-9.4 9.4-24.6 9.4-33.9 0l-22.2-22.2c-9.5-9.5-9.3-25 .4-34.3L311.4 296H24c-13.3 0-24-10.7-24-24v-32c0-13.3 10.7-24 24-24h287.4L190.9 101.2c-9.8-9.3-10-24.8-.4-34.3z\"><\/path><\/svg><\/span>\n\t\t\t\t\t\t\t\t<span class=\"elementor-toggle-icon-opened\"><svg class=\"elementor-toggle-icon-opened e-font-icon-svg e-fas-arrow-right\" viewbox=\"0 0 448 512\" xmlns=\"http:\/\/www.w3.org\/2000\/svg\"><path d=\"M190.5 66.9l22.2-22.2c9.4-9.4 24.6-9.4 33.9 0L441 239c9.4 9.4 9.4 24.6 0 33.9L246.6 467.3c-9.4 9.4-24.6 9.4-33.9 0l-22.2-22.2c-9.5-9.5-9.3-25 .4-34.3L311.4 296H24c-13.3 0-24-10.7-24-24v-32c0-13.3 10.7-24 24-24h287.4L190.9 101.2c-9.8-9.3-10-24.8-.4-34.3z\"><\/path><\/svg><\/span>\n\t\t\t\t\t\t\t\t\t\t\t\t\t<\/span>\n\t\t\t\t\t\t\t\t\t\t\t\t<a class=\"elementor-toggle-title\" tabindex=\"0\">ISO 9001 Certificate<\/a>\n\t\t\t\t\t<\/h2>\n\n\t\t\t\t\t<div id=\"elementor-tab-content-3401\" class=\"elementor-tab-content elementor-clearfix\" data-tab=\"1\" role=\"region\" aria-labelledby=\"elementor-tab-title-3401\"><p><a href=\"https:\/\/aptec.international\/wp-content\/uploads\/2023\/11\/Certifikat-TUV-2023-CZ_page-0001.pdf\">CZ \u2013 T\u00dcV Certificate 2023 <\/a><br \/><a href=\"https:\/\/aptec.international\/wp-content\/uploads\/2023\/11\/Certifikat-TUV-2023-NJ_page-0001.pdf\">DE \u2013 T\u00dcV Certificate 2023 <\/a><br \/><a href=\"https:\/\/aptec.international\/wp-content\/uploads\/2023\/11\/Certifikat-TUV-2023-AJ_page-0001.pdf\">EN \u2013 T\u00dcV Certificate 2023 <\/a><\/p><\/div>\n\t\t\t\t<\/div>\n\t\t\t\t\t\t\t\t<\/div>\n\t\t\t\t\t\t<\/div>\n\t\t\t\t\t<\/div>\n\t\t<\/div>\n\t\t\t\t\t<\/div>\n\t\t<\/section>\n\t\t\t\t<\/div>","protected":false},"excerpt":{"rendered":"<p>Dokumenty ke sta\u017een\u00ed Certifik\u00e1t ISO 9001 CZ \u2013 Certifik\u00e1t T\u00dcV 2023 DE \u2013 Certifik\u00e1t T\u00dcV 2023 EN \u2013 Certifik\u00e1t T\u00dcV [&hellip;]<\/p>\n","protected":false},"author":1,"featured_media":7682,"parent":583,"menu_order":0,"comment_status":"closed","ping_status":"closed","template":"elementor_header_footer","meta":{"site-sidebar-layout":"no-sidebar","site-content-layout":"page-builder","ast-site-content-layout":"full-width-container","site-content-style":"unboxed","site-sidebar-style":"unboxed","ast-global-header-display":"","ast-banner-title-visibility":"","ast-main-header-display":"","ast-hfb-above-header-display":"","ast-hfb-below-header-display":"","ast-hfb-mobile-header-display":"","site-post-title":"disabled","ast-breadcrumbs-content":"","ast-featured-img":"disabled","footer-sml-layout":"","theme-transparent-header-meta":"default","adv-header-id-meta":"","stick-header-meta":"","header-above-stick-meta":"","header-main-stick-meta":"","header-below-stick-meta":"","astra-migrate-meta-layouts":"set","ast-page-background-enabled":"default","ast-page-background-meta":{"desktop":{"background-color":"var(--ast-global-color-4)","background-image":"","background-repeat":"repeat","background-position":"center center","background-size":"auto","background-attachment":"scroll","background-type":"","background-media":"","overlay-type":"","overlay-color":"","overlay-opacity":"","overlay-gradient":""},"tablet":{"background-color":"","background-image":"","background-repeat":"repeat","background-position":"center center","background-size":"auto","background-attachment":"scroll","background-type":"","background-media":"","overlay-type":"","overlay-color":"","overlay-opacity":"","overlay-gradient":""},"mobile":{"background-color":"","background-image":"","background-repeat":"repeat","background-position":"center center","background-size":"auto","background-attachment":"scroll","background-type":"","background-media":"","overlay-type":"","overlay-color":"","overlay-opacity":"","overlay-gradient":""}},"ast-content-background-meta":{"desktop":{"background-color":"var(--ast-global-color-5)","background-image":"","background-repeat":"repeat","background-position":"center center","background-size":"auto","background-attachment":"scroll","background-type":"","background-media":"","overlay-type":"","overlay-color":"","overlay-opacity":"","overlay-gradient":""},"tablet":{"background-color":"var(--ast-global-color-5)","background-image":"","background-repeat":"repeat","background-position":"center center","background-size":"auto","background-attachment":"scroll","background-type":"","background-media":"","overlay-type":"","overlay-color":"","overlay-opacity":"","overlay-gradient":""},"mobile":{"background-color":"var(--ast-global-color-5)","background-image":"","background-repeat":"repeat","background-position":"center center","background-size":"auto","background-attachment":"scroll","background-type":"","background-media":"","overlay-type":"","overlay-color":"","overlay-opacity":"","overlay-gradient":""}},"footnotes":""},"class_list":["post-4491","page","type-page","status-publish","has-post-thumbnail","hentry"],"yoast_head":"<!-- This site is optimized with the Yoast SEO plugin v27.4 - https:\/\/yoast.com\/product\/yoast-seo-wordpress\/ -->\n<title>Dokumenty ke sta\u017een\u00ed | Certifik\u00e1ty ISO<\/title>\n<meta name=\"description\" content=\"Certifik\u00e1ty ISO 9001 od T\u00dcV Austria ke sta\u017een\u00ed. Ov\u011b\u0159en\u00fd syst\u00e9m \u0159\u00edzen\u00ed kvality pro spolehliv\u00e9 CNC obr\u00e1b\u011bn\u00ed a tepeln\u00e9 v\u00fdm\u011bn\u00edky.\" \/>\n<meta name=\"robots\" content=\"index, follow, max-snippet:-1, max-image-preview:large, max-video-preview:-1\" \/>\n<link rel=\"canonical\" href=\"https:\/\/aptec.international\/en\/downloads\/certificate\/\" \/>\n<meta property=\"og:locale\" content=\"en_GB\" \/>\n<meta property=\"og:type\" content=\"article\" \/>\n<meta property=\"og:title\" content=\"Dokumenty ke sta\u017een\u00ed | Certifik\u00e1ty ISO\" \/>\n<meta property=\"og:description\" content=\"Certifik\u00e1ty ISO 9001 od T\u00dcV Austria ke sta\u017een\u00ed. Ov\u011b\u0159en\u00fd syst\u00e9m \u0159\u00edzen\u00ed kvality pro spolehliv\u00e9 CNC obr\u00e1b\u011bn\u00ed a tepeln\u00e9 v\u00fdm\u011bn\u00edky.\" \/>\n<meta property=\"og:url\" content=\"https:\/\/aptec.international\/en\/downloads\/certificate\/\" \/>\n<meta property=\"og:site_name\" content=\"Aptec production\" \/>\n<meta property=\"article:publisher\" content=\"https:\/\/www.facebook.com\/aptecproduction\" \/>\n<meta property=\"article:modified_time\" content=\"2026-03-26T08:17:37+00:00\" \/>\n<meta property=\"og:image\" content=\"https:\/\/aptec.international\/wp-content\/uploads\/2025\/02\/thumbnail_aptec_logo_300dpi.jpg\" \/>\n\t<meta property=\"og:image:width\" content=\"1920\" \/>\n\t<meta property=\"og:image:height\" content=\"1185\" \/>\n\t<meta property=\"og:image:type\" content=\"image\/jpeg\" \/>\n<meta name=\"twitter:card\" content=\"summary_large_image\" \/>\n<meta name=\"twitter:title\" content=\"Dokumenty ke sta\u017een\u00ed | Certifik\u00e1ty ISO\" \/>\n<meta name=\"twitter:description\" content=\"Certifik\u00e1ty ISO 9001 od T\u00dcV Austria ke sta\u017een\u00ed. Ov\u011b\u0159en\u00fd syst\u00e9m \u0159\u00edzen\u00ed kvality pro spolehliv\u00e9 CNC obr\u00e1b\u011bn\u00ed a tepeln\u00e9 v\u00fdm\u011bn\u00edky.\" \/>\n<meta name=\"twitter:image\" content=\"https:\/\/aptec.international\/wp-content\/uploads\/2025\/02\/thumbnail_aptec_logo_300dpi.jpg\" \/>\n<meta name=\"twitter:label1\" content=\"Estimated reading time\" \/>\n\t<meta name=\"twitter:data1\" content=\"1 minute\" \/>\n<script type=\"application\/ld+json\" class=\"yoast-schema-graph\">{\"@context\":\"https:\\\/\\\/schema.org\",\"@graph\":[{\"@type\":\"WebPage\",\"@id\":\"https:\\\/\\\/aptec.international\\\/ke-stazeni\\\/certifikat\\\/\",\"url\":\"https:\\\/\\\/aptec.international\\\/ke-stazeni\\\/certifikat\\\/\",\"name\":\"Dokumenty ke sta\u017een\u00ed | Certifik\u00e1ty ISO\",\"isPartOf\":{\"@id\":\"https:\\\/\\\/aptec.international\\\/#website\"},\"primaryImageOfPage\":{\"@id\":\"https:\\\/\\\/aptec.international\\\/ke-stazeni\\\/certifikat\\\/#primaryimage\"},\"image\":{\"@id\":\"https:\\\/\\\/aptec.international\\\/ke-stazeni\\\/certifikat\\\/#primaryimage\"},\"thumbnailUrl\":\"https:\\\/\\\/aptec.international\\\/wp-content\\\/uploads\\\/2025\\\/02\\\/thumbnail_aptec_logo_300dpi.jpg\",\"datePublished\":\"2023-11-03T09:01:25+00:00\",\"dateModified\":\"2026-03-26T08:17:37+00:00\",\"description\":\"Certifik\u00e1ty ISO 9001 od T\u00dcV Austria ke sta\u017een\u00ed. Ov\u011b\u0159en\u00fd syst\u00e9m \u0159\u00edzen\u00ed kvality pro spolehliv\u00e9 CNC obr\u00e1b\u011bn\u00ed a tepeln\u00e9 v\u00fdm\u011bn\u00edky.\",\"breadcrumb\":{\"@id\":\"https:\\\/\\\/aptec.international\\\/ke-stazeni\\\/certifikat\\\/#breadcrumb\"},\"inLanguage\":\"en-GB\",\"potentialAction\":[{\"@type\":\"ReadAction\",\"target\":[\"https:\\\/\\\/aptec.international\\\/ke-stazeni\\\/certifikat\\\/\"]}]},{\"@type\":\"ImageObject\",\"inLanguage\":\"en-GB\",\"@id\":\"https:\\\/\\\/aptec.international\\\/ke-stazeni\\\/certifikat\\\/#primaryimage\",\"url\":\"https:\\\/\\\/aptec.international\\\/wp-content\\\/uploads\\\/2025\\\/02\\\/thumbnail_aptec_logo_300dpi.jpg\",\"contentUrl\":\"https:\\\/\\\/aptec.international\\\/wp-content\\\/uploads\\\/2025\\\/02\\\/thumbnail_aptec_logo_300dpi.jpg\",\"width\":1920,\"height\":1185},{\"@type\":\"BreadcrumbList\",\"@id\":\"https:\\\/\\\/aptec.international\\\/ke-stazeni\\\/certifikat\\\/#breadcrumb\",\"itemListElement\":[{\"@type\":\"ListItem\",\"position\":1,\"name\":\"Dom\u016f\",\"item\":\"https:\\\/\\\/aptec.international\\\/\"},{\"@type\":\"ListItem\",\"position\":2,\"name\":\"Dokumenty ke sta\u017een\u00ed\",\"item\":\"https:\\\/\\\/aptec.international\\\/ke-stazeni\\\/\"},{\"@type\":\"ListItem\",\"position\":3,\"name\":\"Dokumenty ke sta\u017een\u00ed &#8211; certifik\u00e1ty\"}]},{\"@type\":\"WebSite\",\"@id\":\"https:\\\/\\\/aptec.international\\\/#website\",\"url\":\"https:\\\/\\\/aptec.international\\\/\",\"name\":\"Aptec production s.r.o.\",\"description\":\"Specialista na CNC obr\u00e1b\u011bn\u00ed a tepeln\u00e9 v\u00fdm\u011bn\u00edky\",\"publisher\":{\"@id\":\"https:\\\/\\\/aptec.international\\\/#organization\"},\"potentialAction\":[{\"@type\":\"SearchAction\",\"target\":{\"@type\":\"EntryPoint\",\"urlTemplate\":\"https:\\\/\\\/aptec.international\\\/?s={search_term_string}\"},\"query-input\":{\"@type\":\"PropertyValueSpecification\",\"valueRequired\":true,\"valueName\":\"search_term_string\"}}],\"inLanguage\":\"en-GB\"},{\"@type\":\"Organization\",\"@id\":\"https:\\\/\\\/aptec.international\\\/#organization\",\"name\":\"Aptec production s.r.o.\",\"url\":\"https:\\\/\\\/aptec.international\\\/\",\"logo\":{\"@type\":\"ImageObject\",\"inLanguage\":\"en-GB\",\"@id\":\"https:\\\/\\\/aptec.international\\\/#\\\/schema\\\/logo\\\/image\\\/\",\"url\":\"https:\\\/\\\/aptec.international\\\/wp-content\\\/uploads\\\/2025\\\/10\\\/cropped-logo-aptec-production-cnc-vyroba-vymeniky-e1759483301565.png\",\"contentUrl\":\"https:\\\/\\\/aptec.international\\\/wp-content\\\/uploads\\\/2025\\\/10\\\/cropped-logo-aptec-production-cnc-vyroba-vymeniky-e1759483301565.png\",\"width\":1004,\"height\":482,\"caption\":\"Aptec production s.r.o.\"},\"image\":{\"@id\":\"https:\\\/\\\/aptec.international\\\/#\\\/schema\\\/logo\\\/image\\\/\"},\"sameAs\":[\"https:\\\/\\\/www.facebook.com\\\/aptecproduction\",\"https:\\\/\\\/www.instagram.com\\\/aptec_production\\\/\",\"https:\\\/\\\/www.linkedin.com\\\/company\\\/aptec-production-s-r-o\"]}]}<\/script>\n<!-- \/ Yoast SEO plugin. -->","yoast_head_json":{"title":"Documents for Download | ISO Certificates","description":"ISO 9001 certificates from T\u00dcV Austria available for download. Verified quality management system for reliable CNC machining and heat exchangers.","robots":{"index":"index","follow":"follow","max-snippet":"max-snippet:-1","max-image-preview":"max-image-preview:large","max-video-preview":"max-video-preview:-1"},"canonical":"https:\/\/aptec.international\/en\/downloads\/certificate\/","og_locale":"en_GB","og_type":"article","og_title":"Dokumenty ke sta\u017een\u00ed | Certifik\u00e1ty ISO","og_description":"Certifik\u00e1ty ISO 9001 od T\u00dcV Austria ke sta\u017een\u00ed. Ov\u011b\u0159en\u00fd syst\u00e9m \u0159\u00edzen\u00ed kvality pro spolehliv\u00e9 CNC obr\u00e1b\u011bn\u00ed a tepeln\u00e9 v\u00fdm\u011bn\u00edky.","og_url":"https:\/\/aptec.international\/en\/downloads\/certificate\/","og_site_name":"Aptec production","article_publisher":"https:\/\/www.facebook.com\/aptecproduction","article_modified_time":"2026-03-26T08:17:37+00:00","og_image":[{"width":1920,"height":1185,"url":"https:\/\/aptec.international\/wp-content\/uploads\/2025\/02\/thumbnail_aptec_logo_300dpi.jpg","type":"image\/jpeg"}],"twitter_card":"summary_large_image","twitter_title":"Dokumenty ke sta\u017een\u00ed | Certifik\u00e1ty ISO","twitter_description":"Certifik\u00e1ty ISO 9001 od T\u00dcV Austria ke sta\u017een\u00ed. Ov\u011b\u0159en\u00fd syst\u00e9m \u0159\u00edzen\u00ed kvality pro spolehliv\u00e9 CNC obr\u00e1b\u011bn\u00ed a tepeln\u00e9 v\u00fdm\u011bn\u00edky.","twitter_image":"https:\/\/aptec.international\/wp-content\/uploads\/2025\/02\/thumbnail_aptec_logo_300dpi.jpg","twitter_misc":{"Estimated reading time":"1 minute"},"schema":{"@context":"https:\/\/schema.org","@graph":[{"@type":"WebPage","@id":"https:\/\/aptec.international\/ke-stazeni\/certifikat\/","url":"https:\/\/aptec.international\/ke-stazeni\/certifikat\/","name":"Documents for Download | ISO Certificates","isPartOf":{"@id":"https:\/\/aptec.international\/#website"},"primaryImageOfPage":{"@id":"https:\/\/aptec.international\/ke-stazeni\/certifikat\/#primaryimage"},"image":{"@id":"https:\/\/aptec.international\/ke-stazeni\/certifikat\/#primaryimage"},"thumbnailUrl":"https:\/\/aptec.international\/wp-content\/uploads\/2025\/02\/thumbnail_aptec_logo_300dpi.jpg","datePublished":"2023-11-03T09:01:25+00:00","dateModified":"2026-03-26T08:17:37+00:00","description":"ISO 9001 certificates from T\u00dcV Austria available for download. Verified quality management system for reliable CNC machining and heat exchangers.","breadcrumb":{"@id":"https:\/\/aptec.international\/ke-stazeni\/certifikat\/#breadcrumb"},"inLanguage":"en-GB","potentialAction":[{"@type":"ReadAction","target":["https:\/\/aptec.international\/ke-stazeni\/certifikat\/"]}]},{"@type":"ImageObject","inLanguage":"en-GB","@id":"https:\/\/aptec.international\/ke-stazeni\/certifikat\/#primaryimage","url":"https:\/\/aptec.international\/wp-content\/uploads\/2025\/02\/thumbnail_aptec_logo_300dpi.jpg","contentUrl":"https:\/\/aptec.international\/wp-content\/uploads\/2025\/02\/thumbnail_aptec_logo_300dpi.jpg","width":1920,"height":1185},{"@type":"BreadcrumbList","@id":"https:\/\/aptec.international\/ke-stazeni\/certifikat\/#breadcrumb","itemListElement":[{"@type":"ListItem","position":1,"name":"Dom\u016f","item":"https:\/\/aptec.international\/"},{"@type":"ListItem","position":2,"name":"Dokumenty ke sta\u017een\u00ed","item":"https:\/\/aptec.international\/ke-stazeni\/"},{"@type":"ListItem","position":3,"name":"Dokumenty ke sta\u017een\u00ed &#8211; certifik\u00e1ty"}]},{"@type":"WebSite","@id":"https:\/\/aptec.international\/#website","url":"https:\/\/aptec.international\/","name":"Aptec production s.r.o.","description":"Specialista na CNC obr\u00e1b\u011bn\u00ed a tepeln\u00e9 v\u00fdm\u011bn\u00edky","publisher":{"@id":"https:\/\/aptec.international\/#organization"},"potentialAction":[{"@type":"SearchAction","target":{"@type":"EntryPoint","urlTemplate":"https:\/\/aptec.international\/?s={search_term_string}"},"query-input":{"@type":"PropertyValueSpecification","valueRequired":true,"valueName":"search_term_string"}}],"inLanguage":"en-GB"},{"@type":"Organization","@id":"https:\/\/aptec.international\/#organization","name":"Aptec production s.r.o.","url":"https:\/\/aptec.international\/","logo":{"@type":"ImageObject","inLanguage":"en-GB","@id":"https:\/\/aptec.international\/#\/schema\/logo\/image\/","url":"https:\/\/aptec.international\/wp-content\/uploads\/2025\/10\/cropped-logo-aptec-production-cnc-vyroba-vymeniky-e1759483301565.png","contentUrl":"https:\/\/aptec.international\/wp-content\/uploads\/2025\/10\/cropped-logo-aptec-production-cnc-vyroba-vymeniky-e1759483301565.png","width":1004,"height":482,"caption":"Aptec production s.r.o."},"image":{"@id":"https:\/\/aptec.international\/#\/schema\/logo\/image\/"},"sameAs":["https:\/\/www.facebook.com\/aptecproduction","https:\/\/www.instagram.com\/aptec_production\/","https:\/\/www.linkedin.com\/company\/aptec-production-s-r-o"]}]}},"_links":{"self":[{"href":"https:\/\/aptec.international\/en\/wp-json\/wp\/v2\/pages\/4491","targetHints":{"allow":["GET"]}}],"collection":[{"href":"https:\/\/aptec.international\/en\/wp-json\/wp\/v2\/pages"}],"about":[{"href":"https:\/\/aptec.international\/en\/wp-json\/wp\/v2\/types\/page"}],"author":[{"embeddable":true,"href":"https:\/\/aptec.international\/en\/wp-json\/wp\/v2\/users\/1"}],"replies":[{"embeddable":true,"href":"https:\/\/aptec.international\/en\/wp-json\/wp\/v2\/comments?post=4491"}],"version-history":[{"count":98,"href":"https:\/\/aptec.international\/en\/wp-json\/wp\/v2\/pages\/4491\/revisions"}],"predecessor-version":[{"id":19542,"href":"https:\/\/aptec.international\/en\/wp-json\/wp\/v2\/pages\/4491\/revisions\/19542"}],"up":[{"embeddable":true,"href":"https:\/\/aptec.international\/en\/wp-json\/wp\/v2\/pages\/583"}],"wp:featuredmedia":[{"embeddable":true,"href":"https:\/\/aptec.international\/en\/wp-json\/wp\/v2\/media\/7682"}],"wp:attachment":[{"href":"https:\/\/aptec.international\/en\/wp-json\/wp\/v2\/media?parent=4491"}],"curies":[{"name":"wp","href":"https:\/\/api.w.org\/{rel}","templated":true}]}}