{"id":4962,"date":"2023-11-13T12:02:24","date_gmt":"2023-11-13T11:02:24","guid":{"rendered":"https:\/\/aptec.international\/?post_type=product&#038;p=4962"},"modified":"2023-11-13T12:07:53","modified_gmt":"2023-11-13T11:07:53","slug":"alfa-laval-cb60-40l-s1s2-iso-g5-4-s3s4-iso-g1-11","status":"publish","type":"product","link":"https:\/\/aptec.international\/en\/produkt\/alfa-laval-cb60-40l-s1s2-iso-g5-4-s3s4-iso-g1-11\/","title":{"rendered":"Alfa Laval CB60-40L S1S2 ISO G5\/4&#8243; S3S4 ISO G1&#8243;"},"content":{"rendered":"<p><strong>Brazed plate heat exchanger<\/strong> is a compact and efficient device for transferring heat between two fluids. It uses corrugated stainless steel plates that are joined together with copper brazing. This type of exchanger is suitable for applications with high temperatures and pressures, such as district heating, heating, cooling, condensation, and hot water preparation. The brazed plate heat exchanger is lightweight, compact, and energy efficient. It also offers high reliability and a long service life.<\/p>","protected":false},"excerpt":{"rendered":"<ul>\n<li><strong>Durable and compact design<\/strong><\/li>\n<li><strong>Long service life<\/strong><\/li>\n<li><strong>Easy installation<\/strong><\/li>\n<li><strong>Low energy consumption<\/strong><\/li>\n<\/ul>","protected":false},"featured_media":3741,"template":"","meta":{"site-sidebar-layout":"no-sidebar","site-content-layout":"plain-container","ast-site-content-layout":"default","site-content-style":"default","site-sidebar-style":"default","ast-global-header-display":"","ast-banner-title-visibility":"","ast-main-header-display":"","ast-hfb-above-header-display":"","ast-hfb-below-header-display":"","ast-hfb-mobile-header-display":"","site-post-title":"","ast-breadcrumbs-content":"","ast-featured-img":"","footer-sml-layout":"","theme-transparent-header-meta":"default","adv-header-id-meta":"","stick-header-meta":"","header-above-stick-meta":"","header-main-stick-meta":"","header-below-stick-meta":"","astra-migrate-meta-layouts":"default","ast-page-background-enabled":"default","ast-page-background-meta":{"desktop":{"background-color":"var(--ast-global-color-4)","background-image":"","background-repeat":"repeat","background-position":"center center","background-size":"auto","background-attachment":"scroll","background-type":"","background-media":"","overlay-type":"","overlay-color":"","overlay-opacity":"","overlay-gradient":""},"tablet":{"background-color":"","background-image":"","background-repeat":"repeat","background-position":"center center","background-size":"auto","background-attachment":"scroll","background-type":"","background-media":"","overlay-type":"","overlay-color":"","overlay-opacity":"","overlay-gradient":""},"mobile":{"background-color":"","background-image":"","background-repeat":"repeat","background-position":"center center","background-size":"auto","background-attachment":"scroll","background-type":"","background-media":"","overlay-type":"","overlay-color":"","overlay-opacity":"","overlay-gradient":""}},"ast-content-background-meta":{"desktop":{"background-color":"var(--ast-global-color-5)","background-image":"","background-repeat":"repeat","background-position":"center center","background-size":"auto","background-attachment":"scroll","background-type":"","background-media":"","overlay-type":"","overlay-color":"","overlay-opacity":"","overlay-gradient":""},"tablet":{"background-color":"var(--ast-global-color-5)","background-image":"","background-repeat":"repeat","background-position":"center center","background-size":"auto","background-attachment":"scroll","background-type":"","background-media":"","overlay-type":"","overlay-color":"","overlay-opacity":"","overlay-gradient":""},"mobile":{"background-color":"var(--ast-global-color-5)","background-image":"","background-repeat":"repeat","background-position":"center center","background-size":"auto","background-attachment":"scroll","background-type":"","background-media":"","overlay-type":"","overlay-color":"","overlay-opacity":"","overlay-gradient":""}}},"product_brand":[],"product_cat":[18],"product_tag":[],"class_list":{"0":"post-4962","1":"product","2":"type-product","3":"status-publish","4":"has-post-thumbnail","6":"product_cat-vymeniky","7":"pa_mp-voda","8":"pa_ms-voda","9":"pa_teplotap-51","10":"pa_teplotapv-80","11":"pa_teplotas-93","12":"pa_teplotasv-134","13":"pa_ur-topeni","14":"pa_vykon-225-kw","15":"desktop-align-left","16":"tablet-align-left","17":"mobile-align-left","19":"first","20":"instock","21":"shipping-taxable","22":"product-type-external"},"yoast_head":"<!-- This site is optimized with the Yoast SEO plugin v27.5 - https:\/\/yoast.com\/product\/yoast-seo-wordpress\/ -->\n<title>Aptec production - V\u00fdm\u011bn\u00edk tepla Alfa Laval CB60-40L S1S2 ISO G5\/4&quot; S3S4 ISO G1&quot;<\/title>\n<meta name=\"description\" content=\"P\u00e1jen\u00e9 deskov\u00e9 v\u00fdm\u011bn\u00edky jsou ide\u00e1ln\u00ed pro aplikace s vysok\u00fdmi teplotami a tlaky. V\u00fdm\u011bn\u00edk tepla nab\u00edz\u00ed odolnost, snadnou instalaci a n\u00edzkou spot\u0159ebu energie.\" \/>\n<meta name=\"robots\" content=\"index, follow, max-snippet:-1, max-image-preview:large, max-video-preview:-1\" \/>\n<link rel=\"canonical\" href=\"https:\/\/aptec.international\/en\/product\/alfa-laval-cb60-40l-s1s2-iso-g5-4-s3s4-iso-g1-11\/\" \/>\n<meta property=\"og:locale\" content=\"en_GB\" \/>\n<meta property=\"og:type\" content=\"article\" \/>\n<meta property=\"og:title\" content=\"Aptec production - V\u00fdm\u011bn\u00edk tepla Alfa Laval CB60-40L S1S2 ISO G5\/4&quot; S3S4 ISO G1&quot;\" \/>\n<meta property=\"og:description\" content=\"P\u00e1jen\u00e9 deskov\u00e9 v\u00fdm\u011bn\u00edky jsou ide\u00e1ln\u00ed pro aplikace s vysok\u00fdmi teplotami a tlaky. V\u00fdm\u011bn\u00edk tepla nab\u00edz\u00ed odolnost, snadnou instalaci a n\u00edzkou spot\u0159ebu energie.\" \/>\n<meta property=\"og:url\" content=\"https:\/\/aptec.international\/en\/product\/alfa-laval-cb60-40l-s1s2-iso-g5-4-s3s4-iso-g1-11\/\" \/>\n<meta property=\"og:site_name\" content=\"Aptec production\" \/>\n<meta property=\"article:publisher\" content=\"https:\/\/www.facebook.com\/aptecproduction\" \/>\n<meta property=\"article:modified_time\" content=\"2023-11-13T11:07:53+00:00\" \/>\n<meta property=\"og:image\" content=\"https:\/\/aptec.international\/wp-content\/uploads\/2023\/10\/3287079642-Alfa-Laval-CB60-S1S2-ISO-G54-S3S4-ISO-G1.jpg\" \/>\n\t<meta property=\"og:image:width\" content=\"600\" \/>\n\t<meta property=\"og:image:height\" content=\"800\" \/>\n\t<meta property=\"og:image:type\" content=\"image\/jpeg\" \/>\n<meta name=\"twitter:card\" content=\"summary_large_image\" \/>\n<meta name=\"twitter:label1\" content=\"Estimated reading time\" \/>\n\t<meta name=\"twitter:data1\" content=\"1 minute\" \/>\n<script type=\"application\/ld+json\" class=\"yoast-schema-graph\">{\"@context\":\"https:\\\/\\\/schema.org\",\"@graph\":[{\"@type\":\"WebPage\",\"@id\":\"https:\\\/\\\/aptec.international\\\/produkt\\\/alfa-laval-cb60-40l-s1s2-iso-g5-4-s3s4-iso-g1-11\\\/\",\"url\":\"https:\\\/\\\/aptec.international\\\/produkt\\\/alfa-laval-cb60-40l-s1s2-iso-g5-4-s3s4-iso-g1-11\\\/\",\"name\":\"Aptec production - V\u00fdm\u011bn\u00edk tepla Alfa Laval CB60-40L S1S2 ISO G5\\\/4\\\" S3S4 ISO G1\\\"\",\"isPartOf\":{\"@id\":\"https:\\\/\\\/aptec.international\\\/#website\"},\"primaryImageOfPage\":{\"@id\":\"https:\\\/\\\/aptec.international\\\/produkt\\\/alfa-laval-cb60-40l-s1s2-iso-g5-4-s3s4-iso-g1-11\\\/#primaryimage\"},\"image\":{\"@id\":\"https:\\\/\\\/aptec.international\\\/produkt\\\/alfa-laval-cb60-40l-s1s2-iso-g5-4-s3s4-iso-g1-11\\\/#primaryimage\"},\"thumbnailUrl\":\"https:\\\/\\\/aptec.international\\\/wp-content\\\/uploads\\\/2023\\\/10\\\/3287079642-Alfa-Laval-CB60-S1S2-ISO-G54-S3S4-ISO-G1.jpg\",\"datePublished\":\"2023-11-13T11:02:24+00:00\",\"dateModified\":\"2023-11-13T11:07:53+00:00\",\"description\":\"P\u00e1jen\u00e9 deskov\u00e9 v\u00fdm\u011bn\u00edky jsou ide\u00e1ln\u00ed pro aplikace s vysok\u00fdmi teplotami a tlaky. V\u00fdm\u011bn\u00edk tepla nab\u00edz\u00ed odolnost, snadnou instalaci a n\u00edzkou spot\u0159ebu energie.\",\"breadcrumb\":{\"@id\":\"https:\\\/\\\/aptec.international\\\/produkt\\\/alfa-laval-cb60-40l-s1s2-iso-g5-4-s3s4-iso-g1-11\\\/#breadcrumb\"},\"inLanguage\":\"en-GB\",\"potentialAction\":[{\"@type\":\"ReadAction\",\"target\":[\"https:\\\/\\\/aptec.international\\\/produkt\\\/alfa-laval-cb60-40l-s1s2-iso-g5-4-s3s4-iso-g1-11\\\/\"]}]},{\"@type\":\"ImageObject\",\"inLanguage\":\"en-GB\",\"@id\":\"https:\\\/\\\/aptec.international\\\/produkt\\\/alfa-laval-cb60-40l-s1s2-iso-g5-4-s3s4-iso-g1-11\\\/#primaryimage\",\"url\":\"https:\\\/\\\/aptec.international\\\/wp-content\\\/uploads\\\/2023\\\/10\\\/3287079642-Alfa-Laval-CB60-S1S2-ISO-G54-S3S4-ISO-G1.jpg\",\"contentUrl\":\"https:\\\/\\\/aptec.international\\\/wp-content\\\/uploads\\\/2023\\\/10\\\/3287079642-Alfa-Laval-CB60-S1S2-ISO-G54-S3S4-ISO-G1.jpg\",\"width\":600,\"height\":800},{\"@type\":\"BreadcrumbList\",\"@id\":\"https:\\\/\\\/aptec.international\\\/produkt\\\/alfa-laval-cb60-40l-s1s2-iso-g5-4-s3s4-iso-g1-11\\\/#breadcrumb\",\"itemListElement\":[{\"@type\":\"ListItem\",\"position\":1,\"name\":\"Dom\u016f\",\"item\":\"https:\\\/\\\/aptec.international\\\/\"},{\"@type\":\"ListItem\",\"position\":2,\"name\":\"Kalkul\u00e1tor v\u00fdm\u011bn\u00edk\u016f\",\"item\":\"https:\\\/\\\/aptec.international\\\/kalkulator-vymeniku\\\/\"},{\"@type\":\"ListItem\",\"position\":3,\"name\":\"Alfa Laval CB60-40L S1S2 ISO G5\\\/4&#8243; S3S4 ISO G1&#8243;\"}]},{\"@type\":\"WebSite\",\"@id\":\"https:\\\/\\\/aptec.international\\\/#website\",\"url\":\"https:\\\/\\\/aptec.international\\\/\",\"name\":\"Aptec production s.r.o.\",\"description\":\"Specialista na CNC obr\u00e1b\u011bn\u00ed a tepeln\u00e9 v\u00fdm\u011bn\u00edky\",\"publisher\":{\"@id\":\"https:\\\/\\\/aptec.international\\\/#organization\"},\"potentialAction\":[{\"@type\":\"SearchAction\",\"target\":{\"@type\":\"EntryPoint\",\"urlTemplate\":\"https:\\\/\\\/aptec.international\\\/?s={search_term_string}\"},\"query-input\":{\"@type\":\"PropertyValueSpecification\",\"valueRequired\":true,\"valueName\":\"search_term_string\"}}],\"inLanguage\":\"en-GB\"},{\"@type\":\"Organization\",\"@id\":\"https:\\\/\\\/aptec.international\\\/#organization\",\"name\":\"Aptec production s.r.o.\",\"url\":\"https:\\\/\\\/aptec.international\\\/\",\"logo\":{\"@type\":\"ImageObject\",\"inLanguage\":\"en-GB\",\"@id\":\"https:\\\/\\\/aptec.international\\\/#\\\/schema\\\/logo\\\/image\\\/\",\"url\":\"https:\\\/\\\/aptec.international\\\/wp-content\\\/uploads\\\/2025\\\/10\\\/cropped-logo-aptec-production-cnc-vyroba-vymeniky-e1759483301565.png\",\"contentUrl\":\"https:\\\/\\\/aptec.international\\\/wp-content\\\/uploads\\\/2025\\\/10\\\/cropped-logo-aptec-production-cnc-vyroba-vymeniky-e1759483301565.png\",\"width\":1004,\"height\":482,\"caption\":\"Aptec production s.r.o.\"},\"image\":{\"@id\":\"https:\\\/\\\/aptec.international\\\/#\\\/schema\\\/logo\\\/image\\\/\"},\"sameAs\":[\"https:\\\/\\\/www.facebook.com\\\/aptecproduction\",\"https:\\\/\\\/www.instagram.com\\\/aptec_production\\\/\",\"https:\\\/\\\/www.linkedin.com\\\/company\\\/aptec-production-s-r-o\"]}]}<\/script>\n<!-- \/ Yoast SEO plugin. -->","yoast_head_json":{"title":"Aptec production - V\u00fdm\u011bn\u00edk tepla Alfa Laval CB60-40L S1S2 ISO G5\/4\" S3S4 ISO G1\"","description":"P\u00e1jen\u00e9 deskov\u00e9 v\u00fdm\u011bn\u00edky jsou ide\u00e1ln\u00ed pro aplikace s vysok\u00fdmi teplotami a tlaky. V\u00fdm\u011bn\u00edk tepla nab\u00edz\u00ed odolnost, snadnou instalaci a n\u00edzkou spot\u0159ebu energie.","robots":{"index":"index","follow":"follow","max-snippet":"max-snippet:-1","max-image-preview":"max-image-preview:large","max-video-preview":"max-video-preview:-1"},"canonical":"https:\/\/aptec.international\/en\/product\/alfa-laval-cb60-40l-s1s2-iso-g5-4-s3s4-iso-g1-11\/","og_locale":"en_GB","og_type":"article","og_title":"Aptec production - V\u00fdm\u011bn\u00edk tepla Alfa Laval CB60-40L S1S2 ISO G5\/4\" S3S4 ISO G1\"","og_description":"P\u00e1jen\u00e9 deskov\u00e9 v\u00fdm\u011bn\u00edky jsou ide\u00e1ln\u00ed pro aplikace s vysok\u00fdmi teplotami a tlaky. V\u00fdm\u011bn\u00edk tepla nab\u00edz\u00ed odolnost, snadnou instalaci a n\u00edzkou spot\u0159ebu energie.","og_url":"https:\/\/aptec.international\/en\/product\/alfa-laval-cb60-40l-s1s2-iso-g5-4-s3s4-iso-g1-11\/","og_site_name":"Aptec production","article_publisher":"https:\/\/www.facebook.com\/aptecproduction","article_modified_time":"2023-11-13T11:07:53+00:00","og_image":[{"width":600,"height":800,"url":"https:\/\/aptec.international\/wp-content\/uploads\/2023\/10\/3287079642-Alfa-Laval-CB60-S1S2-ISO-G54-S3S4-ISO-G1.jpg","type":"image\/jpeg"}],"twitter_card":"summary_large_image","twitter_misc":{"Estimated reading time":"1 minute"},"schema":{"@context":"https:\/\/schema.org","@graph":[{"@type":"WebPage","@id":"https:\/\/aptec.international\/produkt\/alfa-laval-cb60-40l-s1s2-iso-g5-4-s3s4-iso-g1-11\/","url":"https:\/\/aptec.international\/produkt\/alfa-laval-cb60-40l-s1s2-iso-g5-4-s3s4-iso-g1-11\/","name":"Aptec production - V\u00fdm\u011bn\u00edk tepla Alfa Laval CB60-40L S1S2 ISO G5\/4\" S3S4 ISO G1\"","isPartOf":{"@id":"https:\/\/aptec.international\/#website"},"primaryImageOfPage":{"@id":"https:\/\/aptec.international\/produkt\/alfa-laval-cb60-40l-s1s2-iso-g5-4-s3s4-iso-g1-11\/#primaryimage"},"image":{"@id":"https:\/\/aptec.international\/produkt\/alfa-laval-cb60-40l-s1s2-iso-g5-4-s3s4-iso-g1-11\/#primaryimage"},"thumbnailUrl":"https:\/\/aptec.international\/wp-content\/uploads\/2023\/10\/3287079642-Alfa-Laval-CB60-S1S2-ISO-G54-S3S4-ISO-G1.jpg","datePublished":"2023-11-13T11:02:24+00:00","dateModified":"2023-11-13T11:07:53+00:00","description":"P\u00e1jen\u00e9 deskov\u00e9 v\u00fdm\u011bn\u00edky jsou ide\u00e1ln\u00ed pro aplikace s vysok\u00fdmi teplotami a tlaky. V\u00fdm\u011bn\u00edk tepla nab\u00edz\u00ed odolnost, snadnou instalaci a n\u00edzkou spot\u0159ebu energie.","breadcrumb":{"@id":"https:\/\/aptec.international\/produkt\/alfa-laval-cb60-40l-s1s2-iso-g5-4-s3s4-iso-g1-11\/#breadcrumb"},"inLanguage":"en-GB","potentialAction":[{"@type":"ReadAction","target":["https:\/\/aptec.international\/produkt\/alfa-laval-cb60-40l-s1s2-iso-g5-4-s3s4-iso-g1-11\/"]}]},{"@type":"ImageObject","inLanguage":"en-GB","@id":"https:\/\/aptec.international\/produkt\/alfa-laval-cb60-40l-s1s2-iso-g5-4-s3s4-iso-g1-11\/#primaryimage","url":"https:\/\/aptec.international\/wp-content\/uploads\/2023\/10\/3287079642-Alfa-Laval-CB60-S1S2-ISO-G54-S3S4-ISO-G1.jpg","contentUrl":"https:\/\/aptec.international\/wp-content\/uploads\/2023\/10\/3287079642-Alfa-Laval-CB60-S1S2-ISO-G54-S3S4-ISO-G1.jpg","width":600,"height":800},{"@type":"BreadcrumbList","@id":"https:\/\/aptec.international\/produkt\/alfa-laval-cb60-40l-s1s2-iso-g5-4-s3s4-iso-g1-11\/#breadcrumb","itemListElement":[{"@type":"ListItem","position":1,"name":"Dom\u016f","item":"https:\/\/aptec.international\/"},{"@type":"ListItem","position":2,"name":"Kalkul\u00e1tor v\u00fdm\u011bn\u00edk\u016f","item":"https:\/\/aptec.international\/kalkulator-vymeniku\/"},{"@type":"ListItem","position":3,"name":"Alfa Laval CB60-40L S1S2 ISO G5\/4&#8243; S3S4 ISO G1&#8243;"}]},{"@type":"WebSite","@id":"https:\/\/aptec.international\/#website","url":"https:\/\/aptec.international\/","name":"Aptec production s.r.o.","description":"Specialista na CNC obr\u00e1b\u011bn\u00ed a tepeln\u00e9 v\u00fdm\u011bn\u00edky","publisher":{"@id":"https:\/\/aptec.international\/#organization"},"potentialAction":[{"@type":"SearchAction","target":{"@type":"EntryPoint","urlTemplate":"https:\/\/aptec.international\/?s={search_term_string}"},"query-input":{"@type":"PropertyValueSpecification","valueRequired":true,"valueName":"search_term_string"}}],"inLanguage":"en-GB"},{"@type":"Organization","@id":"https:\/\/aptec.international\/#organization","name":"Aptec production s.r.o.","url":"https:\/\/aptec.international\/","logo":{"@type":"ImageObject","inLanguage":"en-GB","@id":"https:\/\/aptec.international\/#\/schema\/logo\/image\/","url":"https:\/\/aptec.international\/wp-content\/uploads\/2025\/10\/cropped-logo-aptec-production-cnc-vyroba-vymeniky-e1759483301565.png","contentUrl":"https:\/\/aptec.international\/wp-content\/uploads\/2025\/10\/cropped-logo-aptec-production-cnc-vyroba-vymeniky-e1759483301565.png","width":1004,"height":482,"caption":"Aptec production s.r.o."},"image":{"@id":"https:\/\/aptec.international\/#\/schema\/logo\/image\/"},"sameAs":["https:\/\/www.facebook.com\/aptecproduction","https:\/\/www.instagram.com\/aptec_production\/","https:\/\/www.linkedin.com\/company\/aptec-production-s-r-o"]}]}},"_links":{"self":[{"href":"https:\/\/aptec.international\/en\/wp-json\/wp\/v2\/product\/4962","targetHints":{"allow":["GET"]}}],"collection":[{"href":"https:\/\/aptec.international\/en\/wp-json\/wp\/v2\/product"}],"about":[{"href":"https:\/\/aptec.international\/en\/wp-json\/wp\/v2\/types\/product"}],"wp:featuredmedia":[{"embeddable":true,"href":"https:\/\/aptec.international\/en\/wp-json\/wp\/v2\/media\/3741"}],"wp:attachment":[{"href":"https:\/\/aptec.international\/en\/wp-json\/wp\/v2\/media?parent=4962"}],"wp:term":[{"taxonomy":"product_brand","embeddable":true,"href":"https:\/\/aptec.international\/en\/wp-json\/wp\/v2\/product_brand?post=4962"},{"taxonomy":"product_cat","embeddable":true,"href":"https:\/\/aptec.international\/en\/wp-json\/wp\/v2\/product_cat?post=4962"},{"taxonomy":"product_tag","embeddable":true,"href":"https:\/\/aptec.international\/en\/wp-json\/wp\/v2\/product_tag?post=4962"}],"curies":[{"name":"wp","href":"https:\/\/api.w.org\/{rel}","templated":true}]}}